{"id":1112,"date":"2023-03-15T11:01:03","date_gmt":"2023-03-15T10:01:03","guid":{"rendered":"https:\/\/actris.cz\/web\/?page_id=1112"},"modified":"2024-11-28T12:30:17","modified_gmt":"2024-11-28T11:30:17","slug":"meteorological-measurements-and-observations","status":"publish","type":"page","link":"https:\/\/actris.cz\/web\/meteorological-measurements-and-observations\/","title":{"rendered":"Meteorological measurements and observations"},"content":{"rendered":"\t\t<div data-elementor-type=\"wp-page\" data-elementor-id=\"1112\" class=\"elementor elementor-1112\">\n\t\t\t\t\t\t\t\t\t<section class=\"elementor-section elementor-top-section elementor-element elementor-element-0cc4d38 elementor-section-boxed elementor-section-height-default elementor-section-height-default\" data-id=\"0cc4d38\" data-element_type=\"section\" data-settings=\"{&quot;_ha_eqh_enable&quot;:false}\">\n\t\t\t\t\t\t<div class=\"elementor-container elementor-column-gap-default\">\n\t\t\t\t\t<div class=\"elementor-column elementor-col-100 elementor-top-column elementor-element elementor-element-e446f98\" data-id=\"e446f98\" data-element_type=\"column\">\n\t\t\t<div class=\"elementor-widget-wrap elementor-element-populated\">\n\t\t\t\t\t\t\t\t<div class=\"elementor-element elementor-element-1d11121 elementor-widget elementor-widget-text-editor\" data-id=\"1d11121\" data-element_type=\"widget\" data-widget_type=\"text-editor.default\">\n\t\t\t\t<div class=\"elementor-widget-container\">\n\t\t\t<style>\/*! elementor - v3.9.2 - 21-12-2022 *\/\n.elementor-widget-text-editor.elementor-drop-cap-view-stacked .elementor-drop-cap{background-color:#818a91;color:#fff}.elementor-widget-text-editor.elementor-drop-cap-view-framed .elementor-drop-cap{color:#818a91;border:3px solid;background-color:transparent}.elementor-widget-text-editor:not(.elementor-drop-cap-view-default) .elementor-drop-cap{margin-top:8px}.elementor-widget-text-editor:not(.elementor-drop-cap-view-default) .elementor-drop-cap-letter{width:1em;height:1em}.elementor-widget-text-editor .elementor-drop-cap{float:left;text-align:center;line-height:1;font-size:50px}.elementor-widget-text-editor .elementor-drop-cap-letter{display:inline-block}<\/style>\t\t\t\t<p>The Ko\u0161etice observatory is the workplace of the Air Quality Division and the Professional Meteorological Station of CHMI. As part of a professional meteorological network, we are measuring a wide range of meteorological elements. <strong>Since September 1, 2024, the measurements have been automatic.<\/strong><\/p>\t\t\t\t\t\t<\/div>\n\t\t\t\t<\/div>\n\t\t\t\t\t<\/div>\n\t\t<\/div>\n\t\t\t\t\t\t\t<\/div>\n\t\t<\/section>\n\t\t\t\t<section class=\"elementor-section elementor-top-section elementor-element elementor-element-1fbb322 elementor-section-boxed elementor-section-height-default elementor-section-height-default\" data-id=\"1fbb322\" data-element_type=\"section\" data-settings=\"{&quot;_ha_eqh_enable&quot;:false}\">\n\t\t\t\t\t\t<div class=\"elementor-container elementor-column-gap-default\">\n\t\t\t\t\t<div class=\"elementor-column elementor-col-100 elementor-top-column elementor-element elementor-element-6ed30ed\" data-id=\"6ed30ed\" data-element_type=\"column\">\n\t\t\t<div class=\"elementor-widget-wrap elementor-element-populated\">\n\t\t\t\t\t\t\t\t<div class=\"elementor-element elementor-element-6ad3fb3 elementor-widget elementor-widget-text-editor\" data-id=\"6ad3fb3\" data-element_type=\"widget\" data-widget_type=\"text-editor.default\">\n\t\t\t\t<div class=\"elementor-widget-container\">\n\t\t\t\t\t\t\t<p><u>Synoptic measurement includes folowing quantities:<\/u> air temperature, air pressure, vapor pressure, air humidity, dew point temperature, wind speed and direction, amount of precipitation, duration of sunshine, visibility,\u00a0 soil temperature (depths 5, 10, 20, 50, 100 cm), soil moisture (depths 7, 25 and 75 cm), evaporation; maximum, minimum and floor temperature. These values are sent every hour to the Central Forecast Office in Prague and serve as the basis for the weather forecast.<\/p>\t\t\t\t\t\t<\/div>\n\t\t\t\t<\/div>\n\t\t\t\t\t<\/div>\n\t\t<\/div>\n\t\t\t\t\t\t\t<\/div>\n\t\t<\/section>\n\t\t\t\t<section class=\"elementor-section elementor-top-section elementor-element elementor-element-5220b2c elementor-section-boxed elementor-section-height-default elementor-section-height-default\" data-id=\"5220b2c\" data-element_type=\"section\" data-settings=\"{&quot;_ha_eqh_enable&quot;:false}\">\n\t\t\t\t\t\t<div class=\"elementor-container elementor-column-gap-default\">\n\t\t\t\t\t<div class=\"elementor-column elementor-col-100 elementor-top-column elementor-element elementor-element-7924748\" data-id=\"7924748\" data-element_type=\"column\">\n\t\t\t<div class=\"elementor-widget-wrap elementor-element-populated\">\n\t\t\t\t\t\t\t\t<div class=\"elementor-element elementor-element-c24418f elementor-widget elementor-widget-text-editor\" data-id=\"c24418f\" data-element_type=\"widget\" data-widget_type=\"text-editor.default\">\n\t\t\t\t<div class=\"elementor-widget-container\">\n\t\t\t\t\t\t\t<p><u>Climatological measurement has a lower range of measured elements:<\/u> air temperature, air pressure, air humidity, wind speed and direction, amount of precipitation, duration of sunshine, visibility, soil temperature (depths 5, 10, 20, 50 and 100 cm),\u00a0 evaporation, snow depth. The prevailing parameters are measured in climatological terms 7, 14 and 21 h.<\/p>\t\t\t\t\t\t<\/div>\n\t\t\t\t<\/div>\n\t\t\t\t\t<\/div>\n\t\t<\/div>\n\t\t\t\t\t\t\t<\/div>\n\t\t<\/section>\n\t\t\t\t<section class=\"elementor-section elementor-top-section elementor-element elementor-element-f1367bf elementor-section-boxed elementor-section-height-default elementor-section-height-default\" data-id=\"f1367bf\" data-element_type=\"section\" data-settings=\"{&quot;_ha_eqh_enable&quot;:false}\">\n\t\t\t\t\t\t<div class=\"elementor-container elementor-column-gap-default\">\n\t\t\t\t\t<div class=\"elementor-column elementor-col-100 elementor-top-column elementor-element elementor-element-148cd64\" data-id=\"148cd64\" data-element_type=\"column\">\n\t\t\t<div class=\"elementor-widget-wrap elementor-element-populated\">\n\t\t\t\t\t\t\t\t<div class=\"elementor-element elementor-element-954a47b elementor-widget elementor-widget-image\" data-id=\"954a47b\" data-element_type=\"widget\" data-widget_type=\"image.default\">\n\t\t\t\t<div class=\"elementor-widget-container\">\n\t\t\t<style>\/*! elementor - v3.9.2 - 21-12-2022 *\/\n.elementor-widget-image{text-align:center}.elementor-widget-image a{display:inline-block}.elementor-widget-image a img[src$=\".svg\"]{width:48px}.elementor-widget-image img{vertical-align:middle;display:inline-block}<\/style>\t\t\t\t\t\t\t\t\t<figure class=\"wp-caption\">\n\t\t\t\t\t\t\t\t\t\t<img loading=\"lazy\" decoding=\"async\" width=\"1024\" height=\"623\" src=\"https:\/\/actris.cz\/web\/wp-content\/uploads\/2022\/12\/ams-stanice-jpg-1024x623.jpg\" class=\"attachment-large size-large wp-image-199\" alt=\"\" srcset=\"https:\/\/actris.cz\/web\/wp-content\/uploads\/2022\/12\/ams-stanice-jpg-1024x623.jpg 1024w, https:\/\/actris.cz\/web\/wp-content\/uploads\/2022\/12\/ams-stanice-jpg-300x183.jpg 300w, https:\/\/actris.cz\/web\/wp-content\/uploads\/2022\/12\/ams-stanice-jpg-768x467.jpg 768w, https:\/\/actris.cz\/web\/wp-content\/uploads\/2022\/12\/ams-stanice-jpg-1536x934.jpg 1536w, https:\/\/actris.cz\/web\/wp-content\/uploads\/2022\/12\/ams-stanice-jpg-18x12.jpg 18w, https:\/\/actris.cz\/web\/wp-content\/uploads\/2022\/12\/ams-stanice-jpg.jpg 1920w\" sizes=\"auto, (max-width: 1024px) 100vw, 1024px\" \/>\t\t\t\t\t\t\t\t\t\t\t<figcaption class=\"widget-image-caption wp-caption-text\">Obr.1 P\u0159ehled automatizovan\u00fdch stanic s kontinu\u00e1ln\u00ed obsluhou profesion\u00e1ln\u00edho meteorologa.\u010cerven\u00e9 \u010dtverce ozna\u010duj\u00ed automatick\u00e9 meteorologick\u00e9 stanice. Obsluhu zabezpe\u010duje profesion\u00e1ln\u00ed meteorolog, provoz zaji\u0161\u0165uje odbor profesion\u00e1ln\u00ed stani\u010dn\u00ed s\u00edt\u011b (OPSS), odbor leteck\u00e9 meteorologie (OLM) \u010cHM\u00da v Praze, nebo jsou pod spr\u00e1vou Arm\u00e1dy \u010cR (A \u010cR) \u010di \u00dastavem fyziky atmosf\u00e9ry (\u00daFA AV \u010cR). Hlavn\u00edm \u00fakolem jsou synoptick\u00e1 m\u011b\u0159en\u00ed a pozorov\u00e1n\u00ed, kter\u00e1 jsou pos\u00edl\u00e1na ka\u017edou hodinu ve zpr\u00e1v\u011b SYNOP do centra Praha-Komo\u0159any. Sou\u010d\u00e1st\u00ed m\u011b\u0159en\u00ed jsou i klimatologick\u00e1 pozorov\u00e1n\u00ed.Sv\u011btle \u010derven\u00e9 \u010dtverce ozna\u010duj\u00ed automatizovan\u00e9 stanice kombinovan\u00e9ho typu. Obsluha na stanic\u00edch je prov\u00e1d\u011bna profesion\u00e1ln\u00edm meteorologem v r\u00e1mci odboru profesion\u00e1ln\u00ed stani\u010dn\u00ed s\u00edt\u011b ve stanoven\u00fdch denn\u00edch hodin\u00e1ch. Hlavn\u00edm \u00fakolem jsou synoptick\u00e1 m\u011b\u0159en\u00ed a pozorov\u00e1n\u00ed, kter\u00e1 jsou pos\u00edl\u00e1na ka\u017edou hodinu ve zpr\u00e1v\u011b SYNOP do centra Praha-Komo\u0159any. Sou\u010d\u00e1st\u00ed m\u011b\u0159en\u00ed jsou i klimatologick\u00e1 pozorov\u00e1n\u00ed. Zdroj:www.chmi.cz<\/figcaption>\n\t\t\t\t\t\t\t\t\t\t<\/figure>\n\t\t\t\t\t\t\t\t\t<\/div>\n\t\t\t\t<\/div>\n\t\t\t\t\t<\/div>\n\t\t<\/div>\n\t\t\t\t\t\t\t<\/div>\n\t\t<\/section>\n\t\t\t\t<section class=\"elementor-section elementor-top-section elementor-element elementor-element-f87f3e3 elementor-section-boxed elementor-section-height-default elementor-section-height-default\" data-id=\"f87f3e3\" data-element_type=\"section\" data-settings=\"{&quot;_ha_eqh_enable&quot;:false}\">\n\t\t\t\t\t\t<div class=\"elementor-container elementor-column-gap-default\">\n\t\t\t\t\t<div class=\"elementor-column elementor-col-100 elementor-top-column elementor-element elementor-element-14c2f0f\" data-id=\"14c2f0f\" data-element_type=\"column\">\n\t\t\t<div class=\"elementor-widget-wrap elementor-element-populated\">\n\t\t\t\t\t\t\t\t<div class=\"elementor-element elementor-element-4861f96 elementor-widget elementor-widget-heading\" data-id=\"4861f96\" data-element_type=\"widget\" data-widget_type=\"heading.default\">\n\t\t\t\t<div class=\"elementor-widget-container\">\n\t\t\t<style>\/*! elementor - v3.9.2 - 21-12-2022 *\/\n.elementor-heading-title{padding:0;margin:0;line-height:1}.elementor-widget-heading .elementor-heading-title[class*=elementor-size-]>a{color:inherit;font-size:inherit;line-height:inherit}.elementor-widget-heading .elementor-heading-title.elementor-size-small{font-size:15px}.elementor-widget-heading .elementor-heading-title.elementor-size-medium{font-size:19px}.elementor-widget-heading .elementor-heading-title.elementor-size-large{font-size:29px}.elementor-widget-heading .elementor-heading-title.elementor-size-xl{font-size:39px}.elementor-widget-heading .elementor-heading-title.elementor-size-xxl{font-size:59px}<\/style><h2 class=\"elementor-heading-title elementor-size-default\">Observatory pozition within \u010cR<\/h2>\t\t<\/div>\n\t\t\t\t<\/div>\n\t\t\t\t\t<\/div>\n\t\t<\/div>\n\t\t\t\t\t\t\t<\/div>\n\t\t<\/section>\n\t\t\t\t<section class=\"elementor-section elementor-top-section elementor-element elementor-element-47bde0d elementor-section-boxed elementor-section-height-default elementor-section-height-default\" data-id=\"47bde0d\" data-element_type=\"section\" data-settings=\"{&quot;_ha_eqh_enable&quot;:false}\">\n\t\t\t\t\t\t<div class=\"elementor-container elementor-column-gap-default\">\n\t\t\t\t\t<div class=\"elementor-column elementor-col-100 elementor-top-column elementor-element elementor-element-31e0907\" data-id=\"31e0907\" data-element_type=\"column\">\n\t\t\t<div class=\"elementor-widget-wrap elementor-element-populated\">\n\t\t\t\t\t\t\t\t<div class=\"elementor-element elementor-element-abb0e2f elementor-widget elementor-widget-heading\" data-id=\"abb0e2f\" data-element_type=\"widget\" data-widget_type=\"heading.default\">\n\t\t\t\t<div class=\"elementor-widget-container\">\n\t\t\t<h4 class=\"elementor-heading-title elementor-size-default\">Air temperature<\/h4>\t\t<\/div>\n\t\t\t\t<\/div>\n\t\t\t\t\t<\/div>\n\t\t<\/div>\n\t\t\t\t\t\t\t<\/div>\n\t\t<\/section>\n\t\t\t\t<section class=\"elementor-section elementor-top-section elementor-element elementor-element-e320bad elementor-section-boxed elementor-section-height-default elementor-section-height-default\" data-id=\"e320bad\" data-element_type=\"section\" data-settings=\"{&quot;_ha_eqh_enable&quot;:false}\">\n\t\t\t\t\t\t<div class=\"elementor-container elementor-column-gap-default\">\n\t\t\t\t\t<div class=\"elementor-column elementor-col-100 elementor-top-column elementor-element elementor-element-1797a6b\" data-id=\"1797a6b\" data-element_type=\"column\">\n\t\t\t<div class=\"elementor-widget-wrap elementor-element-populated\">\n\t\t\t\t\t\t\t\t<div class=\"elementor-element elementor-element-91b7046 elementor-widget elementor-widget-text-editor\" data-id=\"91b7046\" data-element_type=\"widget\" data-widget_type=\"text-editor.default\">\n\t\t\t\t<div class=\"elementor-widget-container\">\n\t\t\t\t\t\t\t<p>The average annual air temperature recorded in 2019 at the Ko\u0161etice station was 9.4 \u00b0C, i.e. 1.5 \u00b0C higher than the average annual air temperature recorded in the years 1988\u20132010 (7.9 \u00b0C). The lowest average annual air temperature was measured in 1996 (6.0 \u00b0C). Conversely, the highest average annual air temperature was recorded at the Ko\u0161etice station in 2014 and 2018 (9.5\u00b0 C).<\/p><p>The nationwide annual average air temperature was 9.5 \u00b0C in 2019, which is 1.6 \u00b0C less compared to the long-term normal from 1981-2010, which is 7.9 \u00b0C. For the Vyso\u010dina region, the annual average air temperature for 2019 was 9.1 \u00b0C and the long-term average for this region is 7.4 \u00b0C<\/p>\t\t\t\t\t\t<\/div>\n\t\t\t\t<\/div>\n\t\t\t\t\t<\/div>\n\t\t<\/div>\n\t\t\t\t\t\t\t<\/div>\n\t\t<\/section>\n\t\t\t\t<section class=\"elementor-section elementor-top-section elementor-element elementor-element-8ed3aa3 elementor-section-boxed elementor-section-height-default elementor-section-height-default\" data-id=\"8ed3aa3\" data-element_type=\"section\" data-settings=\"{&quot;_ha_eqh_enable&quot;:false}\">\n\t\t\t\t\t\t<div class=\"elementor-container elementor-column-gap-default\">\n\t\t\t\t\t<div class=\"elementor-column elementor-col-100 elementor-top-column elementor-element elementor-element-5594889\" data-id=\"5594889\" data-element_type=\"column\">\n\t\t\t<div class=\"elementor-widget-wrap elementor-element-populated\">\n\t\t\t\t\t\t\t\t<div class=\"elementor-element elementor-element-40fdff6 elementor-widget elementor-widget-heading\" data-id=\"40fdff6\" data-element_type=\"widget\" data-widget_type=\"heading.default\">\n\t\t\t\t<div class=\"elementor-widget-container\">\n\t\t\t<h4 class=\"elementor-heading-title elementor-size-default\">Precipitation<\/h4>\t\t<\/div>\n\t\t\t\t<\/div>\n\t\t\t\t\t<\/div>\n\t\t<\/div>\n\t\t\t\t\t\t\t<\/div>\n\t\t<\/section>\n\t\t\t\t<section class=\"elementor-section elementor-top-section elementor-element elementor-element-358f480 elementor-section-boxed elementor-section-height-default elementor-section-height-default\" data-id=\"358f480\" data-element_type=\"section\" data-settings=\"{&quot;_ha_eqh_enable&quot;:false}\">\n\t\t\t\t\t\t<div class=\"elementor-container elementor-column-gap-default\">\n\t\t\t\t\t<div class=\"elementor-column elementor-col-100 elementor-top-column elementor-element elementor-element-5d1d3c5\" data-id=\"5d1d3c5\" data-element_type=\"column\">\n\t\t\t<div class=\"elementor-widget-wrap elementor-element-populated\">\n\t\t\t\t\t\t\t\t<div class=\"elementor-element elementor-element-7290cc4 elementor-widget elementor-widget-text-editor\" data-id=\"7290cc4\" data-element_type=\"widget\" data-widget_type=\"text-editor.default\">\n\t\t\t\t<div class=\"elementor-widget-container\">\n\t\t\t\t\t\t\t<p>In 2019, the total annual precipitation of 630.6 mm was recorded at the Ko\u0161etice station. The average total precipitation recorded at the Ko\u0161etice station in the years 1988\u20132010 is 640.5 mm and is slightly above the national long-term precipitation normal from 1981\u20132010 (634 mm). The year 2003 was the poorest in terms of precipitation, when the total annual precipitation at the Ko\u0161etice station was only 473.3 mm, the year 2010 was the richest in terms of precipitation, with a total of 878.3 mm.<\/p>\t\t\t\t\t\t<\/div>\n\t\t\t\t<\/div>\n\t\t\t\t\t<\/div>\n\t\t<\/div>\n\t\t\t\t\t\t\t<\/div>\n\t\t<\/section>\n\t\t\t\t<section class=\"elementor-section elementor-top-section elementor-element elementor-element-0350e5b elementor-section-boxed elementor-section-height-default elementor-section-height-default\" data-id=\"0350e5b\" data-element_type=\"section\" data-settings=\"{&quot;_ha_eqh_enable&quot;:false}\">\n\t\t\t\t\t\t<div class=\"elementor-container elementor-column-gap-default\">\n\t\t\t\t\t<div class=\"elementor-column elementor-col-100 elementor-top-column elementor-element elementor-element-76bd600\" data-id=\"76bd600\" data-element_type=\"column\">\n\t\t\t<div class=\"elementor-widget-wrap elementor-element-populated\">\n\t\t\t\t\t\t\t\t<div class=\"elementor-element elementor-element-3b6426c elementor-widget elementor-widget-heading\" data-id=\"3b6426c\" data-element_type=\"widget\" data-widget_type=\"heading.default\">\n\t\t\t\t<div class=\"elementor-widget-container\">\n\t\t\t<h4 class=\"elementor-heading-title elementor-size-default\">Snow<\/h4>\t\t<\/div>\n\t\t\t\t<\/div>\n\t\t\t\t\t<\/div>\n\t\t<\/div>\n\t\t\t\t\t\t\t<\/div>\n\t\t<\/section>\n\t\t\t\t<section class=\"elementor-section elementor-top-section elementor-element elementor-element-92f5e3e elementor-section-boxed elementor-section-height-default elementor-section-height-default\" data-id=\"92f5e3e\" data-element_type=\"section\" data-settings=\"{&quot;_ha_eqh_enable&quot;:false}\">\n\t\t\t\t\t\t<div class=\"elementor-container elementor-column-gap-default\">\n\t\t\t\t\t<div class=\"elementor-column elementor-col-100 elementor-top-column elementor-element elementor-element-9cfd886\" data-id=\"9cfd886\" data-element_type=\"column\">\n\t\t\t<div class=\"elementor-widget-wrap elementor-element-populated\">\n\t\t\t\t\t\t\t\t<div class=\"elementor-element elementor-element-5b16dec elementor-widget elementor-widget-text-editor\" data-id=\"5b16dec\" data-element_type=\"widget\" data-widget_type=\"text-editor.default\">\n\t\t\t\t<div class=\"elementor-widget-container\">\n\t\t\t\t\t\t\t<p class=\"MsoNormal\">In 2019, the maximum snow depth was 16 cm and the average snow depth this year was 6.5 cm. The highest recorded snow depth of 49 cm was measured in 2006.<\/p>\t\t\t\t\t\t<\/div>\n\t\t\t\t<\/div>\n\t\t\t\t\t<\/div>\n\t\t<\/div>\n\t\t\t\t\t\t\t<\/div>\n\t\t<\/section>\n\t\t\t\t<section class=\"elementor-section elementor-top-section elementor-element elementor-element-031af1e elementor-section-boxed elementor-section-height-default elementor-section-height-default\" data-id=\"031af1e\" data-element_type=\"section\" data-settings=\"{&quot;_ha_eqh_enable&quot;:false}\">\n\t\t\t\t\t\t<div class=\"elementor-container elementor-column-gap-default\">\n\t\t\t\t\t<div class=\"elementor-column elementor-col-100 elementor-top-column elementor-element elementor-element-7433745\" data-id=\"7433745\" data-element_type=\"column\">\n\t\t\t<div class=\"elementor-widget-wrap elementor-element-populated\">\n\t\t\t\t\t\t\t\t<div class=\"elementor-element elementor-element-95571ee elementor-widget elementor-widget-heading\" data-id=\"95571ee\" data-element_type=\"widget\" data-widget_type=\"heading.default\">\n\t\t\t\t<div class=\"elementor-widget-container\">\n\t\t\t<h4 class=\"elementor-heading-title elementor-size-default\">Phenomena - fogs and thunderstorms<\/h4>\t\t<\/div>\n\t\t\t\t<\/div>\n\t\t\t\t\t<\/div>\n\t\t<\/div>\n\t\t\t\t\t\t\t<\/div>\n\t\t<\/section>\n\t\t\t\t<section class=\"elementor-section elementor-top-section elementor-element elementor-element-f015905 elementor-section-boxed elementor-section-height-default elementor-section-height-default\" data-id=\"f015905\" data-element_type=\"section\" data-settings=\"{&quot;_ha_eqh_enable&quot;:false}\">\n\t\t\t\t\t\t<div class=\"elementor-container elementor-column-gap-default\">\n\t\t\t\t\t<div class=\"elementor-column elementor-col-100 elementor-top-column elementor-element elementor-element-543d826\" data-id=\"543d826\" data-element_type=\"column\">\n\t\t\t<div class=\"elementor-widget-wrap elementor-element-populated\">\n\t\t\t\t\t\t\t\t<div class=\"elementor-element elementor-element-fce1dd1 elementor-widget elementor-widget-text-editor\" data-id=\"fce1dd1\" data-element_type=\"widget\" data-widget_type=\"text-editor.default\">\n\t\t\t\t<div class=\"elementor-widget-container\">\n\t\t\t\t\t\t\t<p>Fogs occur most often at Ko\u0161etice station in October and November (over 6 days a month on average). The greatest number of thunderstorms occurs in June and July (on average 3.5 days per month).<\/p>\t\t\t\t\t\t<\/div>\n\t\t\t\t<\/div>\n\t\t\t\t\t<\/div>\n\t\t<\/div>\n\t\t\t\t\t\t\t<\/div>\n\t\t<\/section>\n\t\t\t\t<section class=\"elementor-section elementor-top-section elementor-element elementor-element-f97bd44 elementor-section-boxed elementor-section-height-default elementor-section-height-default\" data-id=\"f97bd44\" data-element_type=\"section\" data-settings=\"{&quot;_ha_eqh_enable&quot;:false}\">\n\t\t\t\t\t\t<div class=\"elementor-container elementor-column-gap-default\">\n\t\t\t\t\t<div class=\"elementor-column elementor-col-100 elementor-top-column elementor-element elementor-element-0f3f341\" data-id=\"0f3f341\" data-element_type=\"column\">\n\t\t\t<div class=\"elementor-widget-wrap elementor-element-populated\">\n\t\t\t\t\t\t\t\t<div class=\"elementor-element elementor-element-8ec8a56 elementor-widget elementor-widget-heading\" data-id=\"8ec8a56\" data-element_type=\"widget\" data-widget_type=\"heading.default\">\n\t\t\t\t<div class=\"elementor-widget-container\">\n\t\t\t<h4 class=\"elementor-heading-title elementor-size-default\">Wind<\/h4>\t\t<\/div>\n\t\t\t\t<\/div>\n\t\t\t\t\t<\/div>\n\t\t<\/div>\n\t\t\t\t\t\t\t<\/div>\n\t\t<\/section>\n\t\t\t\t<section class=\"elementor-section elementor-top-section elementor-element elementor-element-bf21c62 elementor-section-boxed elementor-section-height-default elementor-section-height-default\" data-id=\"bf21c62\" data-element_type=\"section\" data-settings=\"{&quot;_ha_eqh_enable&quot;:false}\">\n\t\t\t\t\t\t<div class=\"elementor-container elementor-column-gap-default\">\n\t\t\t\t\t<div class=\"elementor-column elementor-col-100 elementor-top-column elementor-element elementor-element-0ee9bfa\" data-id=\"0ee9bfa\" data-element_type=\"column\">\n\t\t\t<div class=\"elementor-widget-wrap elementor-element-populated\">\n\t\t\t\t\t\t\t\t<div class=\"elementor-element elementor-element-8822fdb elementor-widget elementor-widget-text-editor\" data-id=\"8822fdb\" data-element_type=\"widget\" data-widget_type=\"text-editor.default\">\n\t\t\t\t<div class=\"elementor-widget-container\">\n\t\t\t\t\t\t\t<p>The <strong>Ko\u0161etice station<\/strong> is characterized by a dominant <strong>westerly wind direction<\/strong>, as is the case with other stations such as Tu\u0161imice, Kocelovice, Kosteln\u00ed Myslov\u00e1, Mile\u0161ovka and Hradec Kr\u00e1lov\u00e9. In the Czech Republic, we can find stations whose prevailing wind direction is southwest (e.g. Cheb, Plze\u0148-Dob\u0159any, Chur\u00e1\u0148ov, Praha-Ruzyn\u011b, Ostrava-Mo\u0161nov), north (Krnov) or south (Svratouch).<\/p>\t\t\t\t\t\t<\/div>\n\t\t\t\t<\/div>\n\t\t\t\t\t<\/div>\n\t\t<\/div>\n\t\t\t\t\t\t\t<\/div>\n\t\t<\/section>\n\t\t\t\t<section class=\"elementor-section elementor-top-section elementor-element elementor-element-8c65951 elementor-section-boxed elementor-section-height-default elementor-section-height-default\" data-id=\"8c65951\" data-element_type=\"section\" data-settings=\"{&quot;_ha_eqh_enable&quot;:false}\">\n\t\t\t\t\t\t<div class=\"elementor-container elementor-column-gap-default\">\n\t\t\t\t\t<div class=\"elementor-column elementor-col-100 elementor-top-column elementor-element elementor-element-2815645\" data-id=\"2815645\" data-element_type=\"column\">\n\t\t\t<div class=\"elementor-widget-wrap elementor-element-populated\">\n\t\t\t\t\t\t\t\t<div class=\"elementor-element elementor-element-4831991 elementor-widget elementor-widget-text-editor\" data-id=\"4831991\" data-element_type=\"widget\" data-widget_type=\"text-editor.default\">\n\t\t\t\t<div class=\"elementor-widget-container\">\n\t\t\t\t\t\t\t<p><em>Zdroj: \u010cHM\u00da;&nbsp;TOLASZ, Radim, et al. Climate Atlas of Czech Republic. Prague: CHMI, UPOL, 2007&nbsp;<\/em><\/p>\t\t\t\t\t\t<\/div>\n\t\t\t\t<\/div>\n\t\t\t\t\t<\/div>\n\t\t<\/div>\n\t\t\t\t\t\t\t<\/div>\n\t\t<\/section>\n\t\t\t\t\t\t\t<\/div>\n\t\t","protected":false},"excerpt":{"rendered":"<p>The Ko\u0161etice observatory is the workplace of the Air Quality Division and the Professional Meteorological Station of CHMI. As part of a professional meteorological network, we are measuring a wide range of meteorological elements. Since September 1, 2024, the measurements have been automatic. Synoptic measurement includes folowing quantities: air temperature, air pressure, vapor pressure, air [&hellip;]<\/p>\n","protected":false},"author":3,"featured_media":0,"parent":0,"menu_order":0,"comment_status":"closed","ping_status":"closed","template":"","meta":{"footnotes":""},"class_list":["post-1112","page","type-page","status-publish","hentry","entry"],"_links":{"self":[{"href":"https:\/\/actris.cz\/web\/wp-json\/wp\/v2\/pages\/1112","targetHints":{"allow":["GET"]}}],"collection":[{"href":"https:\/\/actris.cz\/web\/wp-json\/wp\/v2\/pages"}],"about":[{"href":"https:\/\/actris.cz\/web\/wp-json\/wp\/v2\/types\/page"}],"author":[{"embeddable":true,"href":"https:\/\/actris.cz\/web\/wp-json\/wp\/v2\/users\/3"}],"replies":[{"embeddable":true,"href":"https:\/\/actris.cz\/web\/wp-json\/wp\/v2\/comments?post=1112"}],"version-history":[{"count":43,"href":"https:\/\/actris.cz\/web\/wp-json\/wp\/v2\/pages\/1112\/revisions"}],"predecessor-version":[{"id":3010,"href":"https:\/\/actris.cz\/web\/wp-json\/wp\/v2\/pages\/1112\/revisions\/3010"}],"wp:attachment":[{"href":"https:\/\/actris.cz\/web\/wp-json\/wp\/v2\/media?parent=1112"}],"curies":[{"name":"wp","href":"https:\/\/api.w.org\/{rel}","templated":true}]}}