{"id":219,"date":"2022-12-26T10:55:53","date_gmt":"2022-12-26T09:55:53","guid":{"rendered":"https:\/\/actris.cz\/web\/?page_id=219"},"modified":"2022-12-26T10:59:17","modified_gmt":"2022-12-26T09:59:17","slug":"mezinarodni-spoluprace","status":"publish","type":"page","link":"https:\/\/actris.cz\/web\/mezinarodni-spoluprace\/","title":{"rendered":"Mezin\u00e1rodn\u00ed spolupr\u00e1ce"},"content":{"rendered":"\t\t<div data-elementor-type=\"wp-page\" data-elementor-id=\"219\" class=\"elementor elementor-219\">\n\t\t\t\t\t\t\t\t\t<section class=\"elementor-section elementor-top-section elementor-element elementor-element-f31c145 elementor-section-boxed elementor-section-height-default elementor-section-height-default\" data-id=\"f31c145\" data-element_type=\"section\" data-settings=\"{&quot;_ha_eqh_enable&quot;:false}\">\n\t\t\t\t\t\t<div class=\"elementor-container elementor-column-gap-default\">\n\t\t\t\t\t<div class=\"elementor-column elementor-col-100 elementor-top-column elementor-element elementor-element-19ea3de\" data-id=\"19ea3de\" data-element_type=\"column\">\n\t\t\t<div class=\"elementor-widget-wrap elementor-element-populated\">\n\t\t\t\t\t\t\t\t<div class=\"elementor-element elementor-element-e8e73c4 elementor-widget elementor-widget-text-editor\" data-id=\"e8e73c4\" data-element_type=\"widget\" data-widget_type=\"text-editor.default\">\n\t\t\t\t<div class=\"elementor-widget-container\">\n\t\t\t<style>\/*! elementor - v3.9.2 - 21-12-2022 *\/\n.elementor-widget-text-editor.elementor-drop-cap-view-stacked .elementor-drop-cap{background-color:#818a91;color:#fff}.elementor-widget-text-editor.elementor-drop-cap-view-framed .elementor-drop-cap{color:#818a91;border:3px solid;background-color:transparent}.elementor-widget-text-editor:not(.elementor-drop-cap-view-default) .elementor-drop-cap{margin-top:8px}.elementor-widget-text-editor:not(.elementor-drop-cap-view-default) .elementor-drop-cap-letter{width:1em;height:1em}.elementor-widget-text-editor .elementor-drop-cap{float:left;text-align:center;line-height:1;font-size:50px}.elementor-widget-text-editor .elementor-drop-cap-letter{display:inline-block}<\/style>\t\t\t\t<p>Zapojen\u00ed do mezin\u00e1rodn\u00edch program\u016f a projekt\u016f:<\/p>\t\t\t\t\t\t<\/div>\n\t\t\t\t<\/div>\n\t\t\t\t\t<\/div>\n\t\t<\/div>\n\t\t\t\t\t\t\t<\/div>\n\t\t<\/section>\n\t\t\t\t<section class=\"elementor-section elementor-top-section elementor-element elementor-element-3b4d119 elementor-section-boxed elementor-section-height-default elementor-section-height-default\" data-id=\"3b4d119\" data-element_type=\"section\" data-settings=\"{&quot;_ha_eqh_enable&quot;:false}\">\n\t\t\t\t\t\t<div class=\"elementor-container elementor-column-gap-default\">\n\t\t\t\t\t<div class=\"elementor-column elementor-col-100 elementor-top-column elementor-element elementor-element-b0d820c\" data-id=\"b0d820c\" data-element_type=\"column\">\n\t\t\t<div class=\"elementor-widget-wrap elementor-element-populated\">\n\t\t\t\t\t\t\t\t<div class=\"elementor-element elementor-element-aa8fddd elementor-widget elementor-widget-text-editor\" data-id=\"aa8fddd\" data-element_type=\"widget\" data-widget_type=\"text-editor.default\">\n\t\t\t\t<div class=\"elementor-widget-container\">\n\t\t\t\t\t\t\t<ul><li><div><a href=\"https:\/\/www.actris.eu\/default.aspx\" target=\"_blank\" rel=\"noopener\">ACTRIS-2<\/a>\u00a0(Aerosol, Clouds and Trace Gases Research Infrastructure Network)<\/div><div>Hlavn\u00ed c\u00edl: Propojovat nejmodern\u011bj\u0161\u00ed pozemn\u00ed stanice pro dlouhodob\u00e9 pozorov\u00e1n\u00ed aerosol\u016f, oblak a reaktivn\u00edch\u00a0 plyn\u016f. Projekt poskytuje p\u0159\u00edstup k z\u00edskan\u00fdm dat\u016fm, kter\u00e9 jsou po\u0159izov\u00e1ny v nejvy\u0161\u0161\u00ed kvalit\u011b d\u00edky standardizovan\u00fdch a srovnateln\u00fdm postup\u016fm m\u011b\u0159en\u00ed v cel\u00e9 s\u00edti stanic. V\u00fdznamn\u00fdm c\u00edlem je zv\u00fd\u0161it \u00farove\u0148 technologi\u00ed a kvalitu nab\u00edzen\u00fdch slu\u017eeb. Z\u00e1m\u011brem projektu je tak\u00e9 podpora \u0161kolen\u00ed obsluhy a u\u017eivatel\u016f, a pos\u00edlen\u00ed vazby mezi v\u00fdzkumem, vzd\u011bl\u00e1n\u00edm a inovacemi v oblasti atmosf\u00e9rick\u00e9 v\u011bdy.<br \/><br \/><\/div><\/li><li><div><a href=\"http:\/\/www.emep.int\/\" target=\"_blank\" rel=\"noopener\">EMEP<\/a>\u00a0(European Monitoring and Evaluation Programme) \u2013 pod z\u00e1\u0161titou CLRTAP(Convention on Long-Range Transboundary Air Pollution)<\/div><div>Hlavn\u00ed c\u00edl: P\u0159edkl\u00e1dat spolehliv\u00e9 v\u011bdeck\u00e9 d\u016fkazy k podpo\u0159e, rozvoji a hodnocen\u00ed politik ochrany \u017eivotn\u00edho prost\u0159ed\u00ed. Sou\u010dasn\u00e1 strategie monitoringu klade v\u011bt\u0161\u00ed d\u016fraz na vliv p\u0159edpokl\u00e1dan\u00fdch zm\u011bn klimatu na kvalitu ovzdu\u0161\u00ed a na monitoring sklen\u00edkov\u00fdch plyn\u016f a reflektuje v\u00fdvoj v monitorovac\u00edch technologi\u00edch a integraci m\u011b\u0159en\u00ed z r\u016fzn\u00fdch platforem (pozemn\u00ed m\u011b\u0159en\u00ed, vertik\u00e1ln\u00ed profily, letov\u00e1, distan\u010dn\u00ed a satelitn\u00ed m\u011b\u0159en\u00ed).<br \/><br \/><\/div><\/li><li><a href=\"http:\/\/www.syke.fi\/nature\/icpim\" target=\"_blank\" rel=\"noopener\">ICP-IM\u00a0<\/a>(International Cooperative Programme on Integrated Monitoring of Air Pollution Effects on Ecosystems) \u2013 pod z\u00e1\u0161titou CLRTAP (Convention on Long-Range Transboundary Air Pollution)<br \/>Hlavn\u00ed c\u00edl: V\u00edceslo\u017ekov\u00fd monitorovac\u00ed program zkoum\u00e1 l\u00e1tkov\u00e9 toky v mal\u00fdch zalesn\u011bn\u00fdch povod\u00edch v neimpaktn\u00ed oblasti. V sou\u010dasn\u00e9 dob\u011b se z\u00e1jem ICP-IM roz\u0161\u00ed\u0159il i na ekologick\u00e9 dopady p\u0159\u00edzemn\u00edho ozonu, t\u011b\u017ek\u00fdch kov\u016f a POPs.<br \/><br \/><\/li><li><a href=\"http:\/\/www.wmo.int\/pages\/prog\/arep\/gaw\/gaw_home_en.html\" target=\"_blank\" rel=\"noopener\">GAW<\/a>\u00a0(Global Atmosphere Watch)<br \/>Hlavn\u00ed c\u00edl: Propojovat a zast\u0159e\u0161ovat aktivity na poli v\u00fdzkumu a monitoringu atmosf\u00e9ry s c\u00edlem roz\u0161\u00ed\u0159it pozn\u00e1n\u00ed vlivu lidsk\u00e9 \u010dinnosti na glob\u00e1ln\u00ed zm\u011bny v ovzdu\u0161\u00ed a zm\u011bny klimatu.<\/li><\/ul>\t\t\t\t\t\t<\/div>\n\t\t\t\t<\/div>\n\t\t\t\t\t<\/div>\n\t\t<\/div>\n\t\t\t\t\t\t\t<\/div>\n\t\t<\/section>\n\t\t\t\t\t\t\t<\/div>\n\t\t","protected":false},"excerpt":{"rendered":"<p>Zapojen\u00ed do mezin\u00e1rodn\u00edch program\u016f a projekt\u016f: ACTRIS-2\u00a0(Aerosol, Clouds and Trace Gases Research Infrastructure Network)Hlavn\u00ed c\u00edl: Propojovat nejmodern\u011bj\u0161\u00ed pozemn\u00ed stanice pro dlouhodob\u00e9 pozorov\u00e1n\u00ed aerosol\u016f, oblak a reaktivn\u00edch\u00a0 plyn\u016f. Projekt poskytuje p\u0159\u00edstup k z\u00edskan\u00fdm dat\u016fm, kter\u00e9 jsou po\u0159izov\u00e1ny v nejvy\u0161\u0161\u00ed kvalit\u011b d\u00edky standardizovan\u00fdch a srovnateln\u00fdm postup\u016fm m\u011b\u0159en\u00ed v cel\u00e9 s\u00edti stanic. V\u00fdznamn\u00fdm c\u00edlem je zv\u00fd\u0161it \u00farove\u0148 technologi\u00ed [&hellip;]<\/p>\n","protected":false},"author":1,"featured_media":0,"parent":0,"menu_order":0,"comment_status":"closed","ping_status":"closed","template":"","meta":{"footnotes":""},"class_list":["post-219","page","type-page","status-publish","hentry","entry"],"_links":{"self":[{"href":"https:\/\/actris.cz\/web\/wp-json\/wp\/v2\/pages\/219","targetHints":{"allow":["GET"]}}],"collection":[{"href":"https:\/\/actris.cz\/web\/wp-json\/wp\/v2\/pages"}],"about":[{"href":"https:\/\/actris.cz\/web\/wp-json\/wp\/v2\/types\/page"}],"author":[{"embeddable":true,"href":"https:\/\/actris.cz\/web\/wp-json\/wp\/v2\/users\/1"}],"replies":[{"embeddable":true,"href":"https:\/\/actris.cz\/web\/wp-json\/wp\/v2\/comments?post=219"}],"version-history":[{"count":4,"href":"https:\/\/actris.cz\/web\/wp-json\/wp\/v2\/pages\/219\/revisions"}],"predecessor-version":[{"id":223,"href":"https:\/\/actris.cz\/web\/wp-json\/wp\/v2\/pages\/219\/revisions\/223"}],"wp:attachment":[{"href":"https:\/\/actris.cz\/web\/wp-json\/wp\/v2\/media?parent=219"}],"curies":[{"name":"wp","href":"https:\/\/api.w.org\/{rel}","templated":true}]}}