{"id":245,"date":"2022-12-26T11:26:40","date_gmt":"2022-12-26T10:26:40","guid":{"rendered":"https:\/\/actris.cz\/web\/?page_id=245"},"modified":"2023-02-26T10:09:05","modified_gmt":"2023-02-26T09:09:05","slug":"atmosfericky-stozar","status":"publish","type":"page","link":"https:\/\/actris.cz\/web\/atmosfericky-stozar\/","title":{"rendered":"Atmosf\u00e9rick\u00fd sto\u017e\u00e1r &#8211; historie a obecn\u00e9 informace"},"content":{"rendered":"\t\t<div data-elementor-type=\"wp-page\" data-elementor-id=\"245\" class=\"elementor elementor-245\">\n\t\t\t\t\t\t\t\t\t<section class=\"elementor-section elementor-top-section elementor-element elementor-element-fa0aa1f elementor-section-boxed elementor-section-height-default elementor-section-height-default\" data-id=\"fa0aa1f\" data-element_type=\"section\" data-settings=\"{&quot;_ha_eqh_enable&quot;:false}\">\n\t\t\t\t\t\t<div class=\"elementor-container elementor-column-gap-default\">\n\t\t\t\t\t<div class=\"elementor-column elementor-col-100 elementor-top-column elementor-element elementor-element-1b3e67f\" data-id=\"1b3e67f\" data-element_type=\"column\">\n\t\t\t<div class=\"elementor-widget-wrap elementor-element-populated\">\n\t\t\t\t\t\t\t\t<div class=\"elementor-element elementor-element-a1e78f8 elementor-widget elementor-widget-text-editor\" data-id=\"a1e78f8\" data-element_type=\"widget\" data-widget_type=\"text-editor.default\">\n\t\t\t\t<div class=\"elementor-widget-container\">\n\t\t\t<style>\/*! elementor - v3.9.2 - 21-12-2022 *\/\n.elementor-widget-text-editor.elementor-drop-cap-view-stacked .elementor-drop-cap{background-color:#818a91;color:#fff}.elementor-widget-text-editor.elementor-drop-cap-view-framed .elementor-drop-cap{color:#818a91;border:3px solid;background-color:transparent}.elementor-widget-text-editor:not(.elementor-drop-cap-view-default) .elementor-drop-cap{margin-top:8px}.elementor-widget-text-editor:not(.elementor-drop-cap-view-default) .elementor-drop-cap-letter{width:1em;height:1em}.elementor-widget-text-editor .elementor-drop-cap{float:left;text-align:center;line-height:1;font-size:50px}.elementor-widget-text-editor .elementor-drop-cap-letter{display:inline-block}<\/style>\t\t\t\t<p>Stavebn\u00ed pr\u00e1ce v prostoru budouc\u00ed stanice byly zah\u00e1jeny v \u010dervnu roku 2012. Stavba vlastn\u00edho 250 m vysok\u00e9ho sto\u017e\u00e1ru pak za\u010dala v srpnu a dokon\u010dit se j\u00ed poda\u0159ilo je\u0161t\u011b do konce roku. V\u00fdstavba byla financov\u00e1na Opera\u010dn\u00edm programem V\u00fdzkum a v\u00fdvoj pro inovace v r\u00e1mci projektu s n\u00e1zvem\u00a0<strong>CzechGlobe<\/strong>, jeho\u017e p\u0159\u00edjemcem byl\u00a0<a href=\"http:\/\/www.czechglobe.cz\/cs\/\"><strong>\u00dastav v\u00fdzkumu glob\u00e1ln\u00ed zm\u011bny Akademie v\u011bd \u010cR (\u00daVGZ)<\/strong><\/a>, kter\u00fd je z\u00e1rove\u0148 v sou\u010dasn\u00e9 dob\u011b i provozovatelem stanice.<\/p>\t\t\t\t\t\t<\/div>\n\t\t\t\t<\/div>\n\t\t\t\t\t<\/div>\n\t\t<\/div>\n\t\t\t\t\t\t\t<\/div>\n\t\t<\/section>\n\t\t\t\t<section class=\"elementor-section elementor-top-section elementor-element elementor-element-717698a elementor-section-boxed elementor-section-height-default elementor-section-height-default\" data-id=\"717698a\" data-element_type=\"section\" data-settings=\"{&quot;_ha_eqh_enable&quot;:false}\">\n\t\t\t\t\t\t<div class=\"elementor-container elementor-column-gap-default\">\n\t\t\t\t\t<div class=\"elementor-column elementor-col-50 elementor-top-column elementor-element elementor-element-0f5fc3b\" data-id=\"0f5fc3b\" data-element_type=\"column\">\n\t\t\t<div class=\"elementor-widget-wrap elementor-element-populated\">\n\t\t\t\t\t\t\t\t<div class=\"elementor-element elementor-element-24d7f4b elementor-widget elementor-widget-image\" data-id=\"24d7f4b\" data-element_type=\"widget\" data-widget_type=\"image.default\">\n\t\t\t\t<div class=\"elementor-widget-container\">\n\t\t\t<style>\/*! elementor - v3.9.2 - 21-12-2022 *\/\n.elementor-widget-image{text-align:center}.elementor-widget-image a{display:inline-block}.elementor-widget-image a img[src$=\".svg\"]{width:48px}.elementor-widget-image img{vertical-align:middle;display:inline-block}<\/style>\t\t\t\t\t\t\t\t\t\t\t\t<img loading=\"lazy\" decoding=\"async\" width=\"210\" height=\"300\" src=\"https:\/\/actris.cz\/web\/wp-content\/uploads\/2022\/12\/obr-1-stozar-210x300.png\" class=\"attachment-medium size-medium wp-image-247\" alt=\"\" srcset=\"https:\/\/actris.cz\/web\/wp-content\/uploads\/2022\/12\/obr-1-stozar-210x300.png 210w, https:\/\/actris.cz\/web\/wp-content\/uploads\/2022\/12\/obr-1-stozar-716x1024.png 716w, https:\/\/actris.cz\/web\/wp-content\/uploads\/2022\/12\/obr-1-stozar-768x1098.png 768w, https:\/\/actris.cz\/web\/wp-content\/uploads\/2022\/12\/obr-1-stozar-1074x1536.png 1074w, https:\/\/actris.cz\/web\/wp-content\/uploads\/2022\/12\/obr-1-stozar-8x12.png 8w, https:\/\/actris.cz\/web\/wp-content\/uploads\/2022\/12\/obr-1-stozar.png 1343w\" sizes=\"auto, (max-width: 210px) 100vw, 210px\" \/>\t\t\t\t\t\t\t\t\t\t\t\t\t\t\t<\/div>\n\t\t\t\t<\/div>\n\t\t\t\t\t<\/div>\n\t\t<\/div>\n\t\t\t\t<div class=\"elementor-column elementor-col-50 elementor-top-column elementor-element elementor-element-eccb20f\" data-id=\"eccb20f\" data-element_type=\"column\">\n\t\t\t<div class=\"elementor-widget-wrap elementor-element-populated\">\n\t\t\t\t\t\t\t\t<div class=\"elementor-element elementor-element-cab2788 elementor-widget elementor-widget-text-editor\" data-id=\"cab2788\" data-element_type=\"widget\" data-widget_type=\"text-editor.default\">\n\t\t\t\t<div class=\"elementor-widget-container\">\n\t\t\t\t\t\t\t<p>V\u00fdstavb\u011b p\u0159edch\u00e1zelo pom\u011brn\u011b dlouh\u00e9 obdob\u00ed diskuz\u00ed o vhodn\u00e9 lokalit\u011b, kde by stanice m\u011bla vzniknout. U\u017e od za\u010d\u00e1tku byla pl\u00e1nov\u00e1na jako N\u00e1rodn\u00ed monitorovac\u00ed bod mno\u017estv\u00ed a d\u00e1lkov\u00e9ho p\u0159enosu sklen\u00edkov\u00fdch plyn\u016f. Volba nakonec padla na lokalitu v t\u011bsn\u00e9 bl\u00edzkosti Meteorologick\u00e9 observato\u0159e \u010cHM\u00da Ko\u0161etice, kter\u00e1 v t\u00e9 dob\u011b ji\u017e disponovala dlouhou \u010dasovou \u0159adou m\u011b\u0159en\u00ed zne\u010di\u0161t\u011bn\u00ed ovzdu\u0161\u00ed a meteorologick\u00fdch dat. Dne 17. \u010dervna 2013 prob\u011bhlo slavnostn\u00ed otev\u0159en\u00ed, kdy byla v\u00fdzkumn\u00e1 infrastruktura uvedena do provozu jako\u00a0<strong>Atmosf\u00e9rick\u00e1 stanice (AS) K\u0159e\u0161\u00edn u Pacova<\/strong>. Ozna\u010den\u00ed K\u0159e\u0161\u00edn u Pacova bylo zvoleno p\u0159edev\u0161\u00edm proto, \u017ee pozemek, na kter\u00e9m byla stanice vybudov\u00e1na, pat\u0159\u00ed do katastru obce K\u0159e\u0161\u00edn.<\/p>\t\t\t\t\t\t<\/div>\n\t\t\t\t<\/div>\n\t\t\t\t\t<\/div>\n\t\t<\/div>\n\t\t\t\t\t\t\t<\/div>\n\t\t<\/section>\n\t\t\t\t<section class=\"elementor-section elementor-top-section elementor-element elementor-element-b9eecf3 elementor-section-boxed elementor-section-height-default elementor-section-height-default\" data-id=\"b9eecf3\" data-element_type=\"section\" data-settings=\"{&quot;_ha_eqh_enable&quot;:false}\">\n\t\t\t\t\t\t<div class=\"elementor-container elementor-column-gap-default\">\n\t\t\t\t\t<div class=\"elementor-column elementor-col-100 elementor-top-column elementor-element elementor-element-fde39f1\" data-id=\"fde39f1\" data-element_type=\"column\">\n\t\t\t<div class=\"elementor-widget-wrap elementor-element-populated\">\n\t\t\t\t\t\t\t\t<div class=\"elementor-element elementor-element-53d0478 elementor-widget elementor-widget-image\" data-id=\"53d0478\" data-element_type=\"widget\" data-widget_type=\"image.default\">\n\t\t\t\t<div class=\"elementor-widget-container\">\n\t\t\t\t\t\t\t\t\t\t\t\t\t\t\t<img loading=\"lazy\" decoding=\"async\" width=\"1024\" height=\"680\" src=\"https:\/\/actris.cz\/web\/wp-content\/uploads\/2022\/12\/2-1024x680.jpg\" class=\"attachment-large size-large wp-image-248\" alt=\"\" srcset=\"https:\/\/actris.cz\/web\/wp-content\/uploads\/2022\/12\/2-1024x680.jpg 1024w, https:\/\/actris.cz\/web\/wp-content\/uploads\/2022\/12\/2-300x199.jpg 300w, https:\/\/actris.cz\/web\/wp-content\/uploads\/2022\/12\/2-768x510.jpg 768w, https:\/\/actris.cz\/web\/wp-content\/uploads\/2022\/12\/2-1536x1020.jpg 1536w, https:\/\/actris.cz\/web\/wp-content\/uploads\/2022\/12\/2-18x12.jpg 18w, https:\/\/actris.cz\/web\/wp-content\/uploads\/2022\/12\/2.jpg 1920w\" sizes=\"auto, (max-width: 1024px) 100vw, 1024px\" \/>\t\t\t\t\t\t\t\t\t\t\t\t\t\t\t<\/div>\n\t\t\t\t<\/div>\n\t\t\t\t\t<\/div>\n\t\t<\/div>\n\t\t\t\t\t\t\t<\/div>\n\t\t<\/section>\n\t\t\t\t<section class=\"elementor-section elementor-top-section elementor-element elementor-element-cdba045 elementor-section-boxed elementor-section-height-default elementor-section-height-default\" data-id=\"cdba045\" data-element_type=\"section\" data-settings=\"{&quot;_ha_eqh_enable&quot;:false}\">\n\t\t\t\t\t\t<div class=\"elementor-container elementor-column-gap-default\">\n\t\t\t\t\t<div class=\"elementor-column elementor-col-100 elementor-top-column elementor-element elementor-element-1fa7d20\" data-id=\"1fa7d20\" data-element_type=\"column\">\n\t\t\t<div class=\"elementor-widget-wrap elementor-element-populated\">\n\t\t\t\t\t\t\t\t<div class=\"elementor-element elementor-element-cf15b43 elementor-widget elementor-widget-text-editor\" data-id=\"cf15b43\" data-element_type=\"widget\" data-widget_type=\"text-editor.default\">\n\t\t\t\t<div class=\"elementor-widget-container\">\n\t\t\t\t\t\t\t<p>Jak ji\u017e bylo zm\u00edn\u011bno v\u00fd\u0161e, prim\u00e1rn\u00edm \u00fa\u010delem v\u00fdstavby stanice byl kontinu\u00e1ln\u00ed monitoring koncentrac\u00ed sklen\u00edkov\u00fdch plyn\u016f v ovzdu\u0161\u00ed a to p\u0159edev\u0161\u00edm v takov\u00e9 kvalit\u011b, aby se stanice mohla st\u00e1t sou\u010d\u00e1st\u00ed mezin\u00e1rodn\u00ed monitorovac\u00ed s\u00edt\u011b\u00a0<a href=\"https:\/\/www.icos-ri.eu\/\"><strong>ICOS<\/strong><\/a>\u00a0(Integrated Carbon Observation System). Ji\u017e v pr\u016fb\u011bhu p\u0159\u00edprav projektu sto\u017e\u00e1ru byly ale n\u011bkter\u00e9, zejm\u00e9na konstruk\u010dn\u00ed \u010d\u00e1sti upraveny tak, aby n\u00e1kladnou infrastrukturu bylo mo\u017en\u00e9 vyu\u017e\u00edt i pro \u0161ir\u0161\u00ed \u0161k\u00e1lu m\u011b\u0159en\u00ed. D\u00edky tomu mohlo b\u00fdt sledov\u00e1n\u00ed koncentrac\u00ed sklen\u00edkov\u00fdch plyn\u016f ji\u017e od za\u010d\u00e1tku fungov\u00e1n\u00ed stanice roz\u0161\u00ed\u0159eno i o monitoring mno\u017estv\u00ed troposf\u00e9rick\u00e9ho ozonu, element\u00e1rn\u00ed plynn\u00e9 rtuti a m\u011b\u0159en\u00ed zam\u011b\u0159en\u00e1 na studium fyzik\u00e1ln\u00edch a chemick\u00fdch vlastnost\u00ed aerosol\u016f. Stanice se tak v pr\u016fb\u011bhu let zapojila do \u0159ady dal\u0161\u00edch n\u00e1rodn\u00edch i mezin\u00e1rodn\u00edch projekt\u016f. Jedn\u00edm z prvn\u00edch byl projekt\u00a0<a href=\"http:\/\/www.actris.eu\/\">ACTRIS<\/a>\u00a0a jeho n\u00e1rodn\u00ed slo\u017eka ACTRIS-CZ na kter\u00e9m \u00daVGZ spolupracuje s \u010cHM\u00da, \u00daCHP a RECETOXem. M\u011b\u0159en\u00ed optick\u00fdch vlastnost\u00ed aerosol\u016f byla zah\u00e1jena je\u0161t\u011b p\u0159ed uveden\u00edm AS K\u0159e\u0161\u00ednu Pacova do provozu. M\u011b\u0159\u00edc\u00ed p\u0159\u00edstroje byly ze za\u010d\u00e1tku um\u00edst\u011bny v kontejneru AIM funguj\u00edc\u00edho v r\u00e1mci OBS Ko\u0161etice. Atmosf\u00e9rick\u00e1 stanice a Meteorologick\u00e1 observato\u0159 tak v projektu ACTRIS (a nejen v r\u00e1mci tohoto projektu) za\u010daly vystupovat jako Sdru\u017een\u00e1 stanice Ko\u0161etice-K\u0159e\u0161\u00edn. Um\u00edst\u011bn\u00ed do kontejneru AIM na \u00fazem\u00ed OBS Ko\u0161etice ze za\u010d\u00e1tku vyu\u017e\u00edval je\u0161t\u011b dal\u0161\u00ed analyz\u00e1tory provozovan\u00e9 \u00daVGZ .<\/p>\t\t\t\t\t\t<\/div>\n\t\t\t\t<\/div>\n\t\t\t\t\t<\/div>\n\t\t<\/div>\n\t\t\t\t\t\t\t<\/div>\n\t\t<\/section>\n\t\t\t\t<section class=\"elementor-section elementor-top-section elementor-element elementor-element-e5b7a1c elementor-section-boxed elementor-section-height-default elementor-section-height-default\" data-id=\"e5b7a1c\" data-element_type=\"section\" data-settings=\"{&quot;_ha_eqh_enable&quot;:false}\">\n\t\t\t\t\t\t<div class=\"elementor-container elementor-column-gap-default\">\n\t\t\t\t\t<div class=\"elementor-column elementor-col-100 elementor-top-column elementor-element elementor-element-80705b5\" data-id=\"80705b5\" data-element_type=\"column\">\n\t\t\t<div class=\"elementor-widget-wrap elementor-element-populated\">\n\t\t\t\t\t\t\t\t<div class=\"elementor-element elementor-element-14870a4 elementor-widget elementor-widget-text-editor\" data-id=\"14870a4\" data-element_type=\"widget\" data-widget_type=\"text-editor.default\">\n\t\t\t\t<div class=\"elementor-widget-container\">\n\t\t\t\t\t\t\t<p>V \u00fanoru roku 2016 do\u0161lo k p\u0159esunu v\u0161ech t\u011bchto m\u011b\u0159\u00edc\u00edch p\u0159\u00edstroj\u016f do technologick\u00e9ho kontejneru \u010d. 2 nov\u011b instalovan\u00e9ho u paty sto\u017e\u00e1ru. K n\u011bmu pak p\u0159ibyl v l\u00e9t\u011b 2017 je\u0161t\u011b dal\u0161\u00ed, za jeho\u017e provoz zodpov\u00edd\u00e1 \u00dastav chemick\u00fdch procesu AV \u010cR a je ur\u010den\u00fd p\u0159edev\u0161\u00edm pro p\u0159\u00edstroje m\u011b\u0159\u00edc\u00ed fyzik\u00e1ln\u00ed a chemick\u00e9 vlastnost\u00ed atmosf\u00e9rick\u00fdch aerosol\u016f.<\/p>\t\t\t\t\t\t<\/div>\n\t\t\t\t<\/div>\n\t\t\t\t\t<\/div>\n\t\t<\/div>\n\t\t\t\t\t\t\t<\/div>\n\t\t<\/section>\n\t\t\t\t<section class=\"elementor-section elementor-top-section elementor-element elementor-element-43994e8 elementor-section-boxed elementor-section-height-default elementor-section-height-default\" data-id=\"43994e8\" data-element_type=\"section\" data-settings=\"{&quot;_ha_eqh_enable&quot;:false}\">\n\t\t\t\t\t\t<div class=\"elementor-container elementor-column-gap-default\">\n\t\t\t\t\t<div class=\"elementor-column elementor-col-100 elementor-top-column elementor-element elementor-element-7c52865\" data-id=\"7c52865\" data-element_type=\"column\">\n\t\t\t<div class=\"elementor-widget-wrap elementor-element-populated\">\n\t\t\t\t\t\t\t\t<div class=\"elementor-element elementor-element-45d43db elementor-widget elementor-widget-image\" data-id=\"45d43db\" data-element_type=\"widget\" data-widget_type=\"image.default\">\n\t\t\t\t<div class=\"elementor-widget-container\">\n\t\t\t\t\t\t\t\t\t\t\t\t\t\t\t<img loading=\"lazy\" decoding=\"async\" width=\"1024\" height=\"680\" src=\"https:\/\/actris.cz\/web\/wp-content\/uploads\/2022\/12\/3-1024x680.jpg\" class=\"attachment-large size-large wp-image-249\" alt=\"\" srcset=\"https:\/\/actris.cz\/web\/wp-content\/uploads\/2022\/12\/3-1024x680.jpg 1024w, https:\/\/actris.cz\/web\/wp-content\/uploads\/2022\/12\/3-300x199.jpg 300w, https:\/\/actris.cz\/web\/wp-content\/uploads\/2022\/12\/3-768x510.jpg 768w, https:\/\/actris.cz\/web\/wp-content\/uploads\/2022\/12\/3-1536x1020.jpg 1536w, https:\/\/actris.cz\/web\/wp-content\/uploads\/2022\/12\/3-18x12.jpg 18w, https:\/\/actris.cz\/web\/wp-content\/uploads\/2022\/12\/3.jpg 1920w\" sizes=\"auto, (max-width: 1024px) 100vw, 1024px\" \/>\t\t\t\t\t\t\t\t\t\t\t\t\t\t\t<\/div>\n\t\t\t\t<\/div>\n\t\t\t\t\t<\/div>\n\t\t<\/div>\n\t\t\t\t\t\t\t<\/div>\n\t\t<\/section>\n\t\t\t\t<section class=\"elementor-section elementor-top-section elementor-element elementor-element-b3a1e31 elementor-section-boxed elementor-section-height-default elementor-section-height-default\" data-id=\"b3a1e31\" data-element_type=\"section\" data-settings=\"{&quot;_ha_eqh_enable&quot;:false}\">\n\t\t\t\t\t\t<div class=\"elementor-container elementor-column-gap-default\">\n\t\t\t\t\t<div class=\"elementor-column elementor-col-100 elementor-top-column elementor-element elementor-element-5c38536\" data-id=\"5c38536\" data-element_type=\"column\">\n\t\t\t<div class=\"elementor-widget-wrap elementor-element-populated\">\n\t\t\t\t\t\t\t\t<div class=\"elementor-element elementor-element-98d2723 elementor-widget elementor-widget-text-editor\" data-id=\"98d2723\" data-element_type=\"widget\" data-widget_type=\"text-editor.default\">\n\t\t\t\t<div class=\"elementor-widget-container\">\n\t\t\t\t\t\t\t<p>Na podzim roku 2017 bylo rozhodnuto o t\u011bsn\u011bj\u0161\u00ed spolupr\u00e1ci v\u00fdzkumn\u00fdch infrastruktur a v\u0161ech z\u00fa\u010dastn\u011bn\u00fdch instituc\u00ed a vznik\u00e1 tak N\u00e1rodn\u00ed atmosf\u00e9rick\u00e9 observato\u0159e Ko\u0161etice.<\/p>\t\t\t\t\t\t<\/div>\n\t\t\t\t<\/div>\n\t\t\t\t\t<\/div>\n\t\t<\/div>\n\t\t\t\t\t\t\t<\/div>\n\t\t<\/section>\n\t\t\t\t<section class=\"elementor-section elementor-top-section elementor-element elementor-element-db4f305 elementor-section-boxed elementor-section-height-default elementor-section-height-default\" data-id=\"db4f305\" data-element_type=\"section\" data-settings=\"{&quot;_ha_eqh_enable&quot;:false}\">\n\t\t\t\t\t\t<div class=\"elementor-container elementor-column-gap-default\">\n\t\t\t\t\t<div class=\"elementor-column elementor-col-100 elementor-top-column elementor-element elementor-element-f9c85f7\" data-id=\"f9c85f7\" data-element_type=\"column\">\n\t\t\t<div class=\"elementor-widget-wrap elementor-element-populated\">\n\t\t\t\t\t\t\t\t<div class=\"elementor-element elementor-element-fe6c79c elementor-widget elementor-widget-text-editor\" data-id=\"fe6c79c\" data-element_type=\"widget\" data-widget_type=\"text-editor.default\">\n\t\t\t\t<div class=\"elementor-widget-container\">\n\t\t\t\t\t\t\t<p>Dal\u0161\u00ed informace naleznete\u00a0<a href=\"https:\/\/kosetice-tower.czechglobe.cz\/\" target=\"_blank\" rel=\"noopener\">zde.<\/a><\/p>\t\t\t\t\t\t<\/div>\n\t\t\t\t<\/div>\n\t\t\t\t\t<\/div>\n\t\t<\/div>\n\t\t\t\t\t\t\t<\/div>\n\t\t<\/section>\n\t\t\t\t\t\t\t<\/div>\n\t\t","protected":false},"excerpt":{"rendered":"<p>Stavebn\u00ed pr\u00e1ce v prostoru budouc\u00ed stanice byly zah\u00e1jeny v \u010dervnu roku 2012. Stavba vlastn\u00edho 250 m vysok\u00e9ho sto\u017e\u00e1ru pak za\u010dala v srpnu a dokon\u010dit se j\u00ed poda\u0159ilo je\u0161t\u011b do konce roku. V\u00fdstavba byla financov\u00e1na Opera\u010dn\u00edm programem V\u00fdzkum a v\u00fdvoj pro inovace v r\u00e1mci projektu s n\u00e1zvem\u00a0CzechGlobe, jeho\u017e p\u0159\u00edjemcem byl\u00a0\u00dastav v\u00fdzkumu glob\u00e1ln\u00ed zm\u011bny Akademie v\u011bd \u010cR [&hellip;]<\/p>\n","protected":false},"author":1,"featured_media":0,"parent":0,"menu_order":0,"comment_status":"closed","ping_status":"closed","template":"","meta":{"footnotes":""},"class_list":["post-245","page","type-page","status-publish","hentry","entry"],"_links":{"self":[{"href":"https:\/\/actris.cz\/web\/wp-json\/wp\/v2\/pages\/245","targetHints":{"allow":["GET"]}}],"collection":[{"href":"https:\/\/actris.cz\/web\/wp-json\/wp\/v2\/pages"}],"about":[{"href":"https:\/\/actris.cz\/web\/wp-json\/wp\/v2\/types\/page"}],"author":[{"embeddable":true,"href":"https:\/\/actris.cz\/web\/wp-json\/wp\/v2\/users\/1"}],"replies":[{"embeddable":true,"href":"https:\/\/actris.cz\/web\/wp-json\/wp\/v2\/comments?post=245"}],"version-history":[{"count":8,"href":"https:\/\/actris.cz\/web\/wp-json\/wp\/v2\/pages\/245\/revisions"}],"predecessor-version":[{"id":795,"href":"https:\/\/actris.cz\/web\/wp-json\/wp\/v2\/pages\/245\/revisions\/795"}],"wp:attachment":[{"href":"https:\/\/actris.cz\/web\/wp-json\/wp\/v2\/media?parent=245"}],"curies":[{"name":"wp","href":"https:\/\/api.w.org\/{rel}","templated":true}]}}