{"id":62,"date":"2022-12-19T09:47:48","date_gmt":"2022-12-19T08:47:48","guid":{"rendered":"http:\/\/actris.cz\/web\/?page_id=62"},"modified":"2023-01-31T14:13:14","modified_gmt":"2023-01-31T13:13:14","slug":"partneri","status":"publish","type":"page","link":"https:\/\/actris.cz\/web\/partneri\/","title":{"rendered":"Partne\u0159i"},"content":{"rendered":"\t\t<div data-elementor-type=\"wp-page\" data-elementor-id=\"62\" class=\"elementor elementor-62\">\n\t\t\t\t\t\t\t\t\t<section class=\"elementor-section elementor-top-section elementor-element elementor-element-55c6066 elementor-section-boxed elementor-section-height-default elementor-section-height-default\" data-id=\"55c6066\" data-element_type=\"section\" data-settings=\"{&quot;_ha_eqh_enable&quot;:false}\">\n\t\t\t\t\t\t<div class=\"elementor-container elementor-column-gap-default\">\n\t\t\t\t\t<div class=\"elementor-column elementor-col-50 elementor-top-column elementor-element elementor-element-a72908a\" data-id=\"a72908a\" data-element_type=\"column\">\n\t\t\t<div class=\"elementor-widget-wrap elementor-element-populated\">\n\t\t\t\t\t\t\t\t<div class=\"elementor-element elementor-element-836dd56 elementor-position-top elementor-vertical-align-top elementor-widget elementor-widget-image-box\" data-id=\"836dd56\" data-element_type=\"widget\" data-widget_type=\"image-box.default\">\n\t\t\t\t<div class=\"elementor-widget-container\">\n\t\t\t<style>\/*! elementor - v3.9.2 - 21-12-2022 *\/\n.elementor-widget-image-box .elementor-image-box-content{width:100%}@media (min-width:768px){.elementor-widget-image-box.elementor-position-left .elementor-image-box-wrapper,.elementor-widget-image-box.elementor-position-right .elementor-image-box-wrapper{display:flex}.elementor-widget-image-box.elementor-position-right .elementor-image-box-wrapper{text-align:right;flex-direction:row-reverse}.elementor-widget-image-box.elementor-position-left .elementor-image-box-wrapper{text-align:left;flex-direction:row}.elementor-widget-image-box.elementor-position-top .elementor-image-box-img{margin:auto}.elementor-widget-image-box.elementor-vertical-align-top .elementor-image-box-wrapper{align-items:flex-start}.elementor-widget-image-box.elementor-vertical-align-middle .elementor-image-box-wrapper{align-items:center}.elementor-widget-image-box.elementor-vertical-align-bottom .elementor-image-box-wrapper{align-items:flex-end}}@media (max-width:767px){.elementor-widget-image-box .elementor-image-box-img{margin-left:auto!important;margin-right:auto!important;margin-bottom:15px}}.elementor-widget-image-box .elementor-image-box-img{display:inline-block}.elementor-widget-image-box .elementor-image-box-title a{color:inherit}.elementor-widget-image-box .elementor-image-box-wrapper{text-align:center}.elementor-widget-image-box .elementor-image-box-description{margin:0}<\/style><div class=\"elementor-image-box-wrapper\"><figure class=\"elementor-image-box-img\"><img loading=\"lazy\" decoding=\"async\" width=\"1920\" height=\"1277\" src=\"https:\/\/actris.cz\/web\/wp-content\/uploads\/2022\/12\/CHMU.jpg\" class=\"attachment-full size-full wp-image-64\" alt=\"\" srcset=\"https:\/\/actris.cz\/web\/wp-content\/uploads\/2022\/12\/CHMU.jpg 1920w, https:\/\/actris.cz\/web\/wp-content\/uploads\/2022\/12\/CHMU-300x200.jpg 300w, https:\/\/actris.cz\/web\/wp-content\/uploads\/2022\/12\/CHMU-1024x681.jpg 1024w, https:\/\/actris.cz\/web\/wp-content\/uploads\/2022\/12\/CHMU-768x511.jpg 768w, https:\/\/actris.cz\/web\/wp-content\/uploads\/2022\/12\/CHMU-1536x1022.jpg 1536w, https:\/\/actris.cz\/web\/wp-content\/uploads\/2022\/12\/CHMU-18x12.jpg 18w\" sizes=\"auto, (max-width: 1920px) 100vw, 1920px\" \/><\/figure><div class=\"elementor-image-box-content\"><h3 class=\"elementor-image-box-title\">\u010cesk\u00fd hydrometeorologick\u00fd \u00fastav<\/h3><p class=\"elementor-image-box-description\">\u010cesk\u00fd hydrometeorologick\u00fd \u00fastav (\u010cHM\u00da) je p\u0159\u00edjemcem podpory a koordin\u00e1torem projektu ACTRIS-CZ. Je vlastn\u00edkem a provozovatelem Observato\u0159e Ko\u0161etice.<\/p><\/div><\/div>\t\t<\/div>\n\t\t\t\t<\/div>\n\t\t\t\t\t<\/div>\n\t\t<\/div>\n\t\t\t\t<div class=\"elementor-column elementor-col-50 elementor-top-column elementor-element elementor-element-635eacf\" data-id=\"635eacf\" data-element_type=\"column\">\n\t\t\t<div class=\"elementor-widget-wrap elementor-element-populated\">\n\t\t\t\t\t\t\t\t<div class=\"elementor-element elementor-element-959b871 elementor-position-top elementor-vertical-align-top elementor-widget elementor-widget-image-box\" data-id=\"959b871\" data-element_type=\"widget\" data-widget_type=\"image-box.default\">\n\t\t\t\t<div class=\"elementor-widget-container\">\n\t\t\t<div class=\"elementor-image-box-wrapper\"><figure class=\"elementor-image-box-img\"><img loading=\"lazy\" decoding=\"async\" width=\"1000\" height=\"665\" src=\"https:\/\/actris.cz\/web\/wp-content\/uploads\/2022\/12\/UCHP-1.jpg\" class=\"attachment-full size-full wp-image-66\" alt=\"\" srcset=\"https:\/\/actris.cz\/web\/wp-content\/uploads\/2022\/12\/UCHP-1.jpg 1000w, https:\/\/actris.cz\/web\/wp-content\/uploads\/2022\/12\/UCHP-1-300x200.jpg 300w, https:\/\/actris.cz\/web\/wp-content\/uploads\/2022\/12\/UCHP-1-768x511.jpg 768w, https:\/\/actris.cz\/web\/wp-content\/uploads\/2022\/12\/UCHP-1-18x12.jpg 18w\" sizes=\"auto, (max-width: 1000px) 100vw, 1000px\" \/><\/figure><div class=\"elementor-image-box-content\"><h3 class=\"elementor-image-box-title\">\u00dastav chemick\u00fdch proces\u016f<\/h3><p class=\"elementor-image-box-description\">\u00dastav chemick\u00fdch proces\u016f AV \u010cR, v.v.i. je jedn\u00edm ze \u0161esti chemick\u00fdch \u00fastav\u016f Akademie v\u011bd \u010cesk\u00e9 republiky a slou\u017e\u00ed jako centrum z\u00e1kladn\u00edho a navazuj\u00edc\u00edho aplikovan\u00e9ho v\u00fdzkumu v chemick\u00e9m in\u017een\u00fdrstv\u00ed, organick\u00e9 synt\u00e9ze a katal\u00fdze a technologi\u00edch na ochranu \u017eivotn\u00edho prost\u0159ed\u00ed.<\/p><\/div><\/div>\t\t<\/div>\n\t\t\t\t<\/div>\n\t\t\t\t\t<\/div>\n\t\t<\/div>\n\t\t\t\t\t\t\t<\/div>\n\t\t<\/section>\n\t\t\t\t<section class=\"elementor-section elementor-top-section elementor-element elementor-element-e9508cf elementor-section-boxed elementor-section-height-default elementor-section-height-default\" data-id=\"e9508cf\" data-element_type=\"section\" data-settings=\"{&quot;_ha_eqh_enable&quot;:false}\">\n\t\t\t\t\t\t<div class=\"elementor-container elementor-column-gap-default\">\n\t\t\t\t\t<div class=\"elementor-column elementor-col-50 elementor-top-column elementor-element elementor-element-a5daf30\" data-id=\"a5daf30\" data-element_type=\"column\">\n\t\t\t<div class=\"elementor-widget-wrap elementor-element-populated\">\n\t\t\t\t\t\t\t\t<div class=\"elementor-element elementor-element-01d6362 elementor-position-top elementor-vertical-align-top elementor-widget elementor-widget-image-box\" data-id=\"01d6362\" data-element_type=\"widget\" data-widget_type=\"image-box.default\">\n\t\t\t\t<div class=\"elementor-widget-container\">\n\t\t\t<div class=\"elementor-image-box-wrapper\"><figure class=\"elementor-image-box-img\"><img loading=\"lazy\" decoding=\"async\" width=\"1000\" height=\"665\" src=\"https:\/\/actris.cz\/web\/wp-content\/uploads\/2022\/12\/CG.jpg\" class=\"attachment-full size-full wp-image-68\" alt=\"\" srcset=\"https:\/\/actris.cz\/web\/wp-content\/uploads\/2022\/12\/CG.jpg 1000w, https:\/\/actris.cz\/web\/wp-content\/uploads\/2022\/12\/CG-300x200.jpg 300w, https:\/\/actris.cz\/web\/wp-content\/uploads\/2022\/12\/CG-768x511.jpg 768w, https:\/\/actris.cz\/web\/wp-content\/uploads\/2022\/12\/CG-18x12.jpg 18w\" sizes=\"auto, (max-width: 1000px) 100vw, 1000px\" \/><\/figure><div class=\"elementor-image-box-content\"><h3 class=\"elementor-image-box-title\">\u00dastav v\u00fdzkumu glob\u00e1ln\u00ed zm\u011bny (CzechGlobe)<\/h3><p class=\"elementor-image-box-description\">\u00dastav v\u00fdzkumu glob\u00e1ln\u00ed zm\u011bny AV \u010cR (\u00daVGZ ), je ve\u0159ejnou v\u00fdzkumnou instituc\u00ed s\u00eddl\u00edc\u00ed v Brn\u011b. Je evropsk\u00fdm centrem excelence zkoumaj\u00edc\u00edm pomoc\u00ed nejmodern\u011bj\u0161\u00edch postup\u016f a p\u0159\u00edstrojov\u00e9ho vybaven\u00ed prob\u00edhaj\u00edc\u00ed glob\u00e1ln\u00ed zm\u011bnu a jej\u00ed dopad na atmosf\u00e9ru, biosf\u00e9ru a lidskou spole\u010dnost.<\/p><\/div><\/div>\t\t<\/div>\n\t\t\t\t<\/div>\n\t\t\t\t<div class=\"elementor-element elementor-element-8c67d31 elementor-position-top elementor-vertical-align-top elementor-widget elementor-widget-image-box\" data-id=\"8c67d31\" data-element_type=\"widget\" data-widget_type=\"image-box.default\">\n\t\t\t\t<div class=\"elementor-widget-container\">\n\t\t\t<div class=\"elementor-image-box-wrapper\"><figure class=\"elementor-image-box-img\"><img loading=\"lazy\" decoding=\"async\" width=\"2560\" height=\"1707\" src=\"https:\/\/actris.cz\/web\/wp-content\/uploads\/2023\/01\/IMG_0366_Lukas_Ronge-1-scaled.jpg\" class=\"attachment-full size-full wp-image-525\" alt=\"\" srcset=\"https:\/\/actris.cz\/web\/wp-content\/uploads\/2023\/01\/IMG_0366_Lukas_Ronge-1-scaled.jpg 2560w, https:\/\/actris.cz\/web\/wp-content\/uploads\/2023\/01\/IMG_0366_Lukas_Ronge-1-300x200.jpg 300w, https:\/\/actris.cz\/web\/wp-content\/uploads\/2023\/01\/IMG_0366_Lukas_Ronge-1-1024x683.jpg 1024w, https:\/\/actris.cz\/web\/wp-content\/uploads\/2023\/01\/IMG_0366_Lukas_Ronge-1-768x512.jpg 768w, https:\/\/actris.cz\/web\/wp-content\/uploads\/2023\/01\/IMG_0366_Lukas_Ronge-1-1536x1024.jpg 1536w, https:\/\/actris.cz\/web\/wp-content\/uploads\/2023\/01\/IMG_0366_Lukas_Ronge-1-2048x1365.jpg 2048w\" sizes=\"auto, (max-width: 2560px) 100vw, 2560px\" \/><\/figure><div class=\"elementor-image-box-content\"><h3 class=\"elementor-image-box-title\">\u00dastav fyziky atmosf\u00e9ry (\u00daFA)<\/h3><p class=\"elementor-image-box-description\">\u00dastav fyziky atmosf\u00e9ry Akademie v\u011bd \u010cR se v\u011bnuje v\u00fdzkumn\u00fdm aktivit\u00e1m, kter\u00e9 v sou\u010dasnosti pokr\u00fdvaj\u00ed celou atmosf\u00e9ru Zem\u011b \u2013 od p\u0159\u00edzemn\u00ed vrstvy a\u017e po meziplanet\u00e1rn\u00ed prostor. <\/p><\/div><\/div>\t\t<\/div>\n\t\t\t\t<\/div>\n\t\t\t\t\t<\/div>\n\t\t<\/div>\n\t\t\t\t<div class=\"elementor-column elementor-col-50 elementor-top-column elementor-element elementor-element-23dbb36\" data-id=\"23dbb36\" data-element_type=\"column\">\n\t\t\t<div class=\"elementor-widget-wrap elementor-element-populated\">\n\t\t\t\t\t\t\t\t<div class=\"elementor-element elementor-element-32b962f elementor-position-top elementor-vertical-align-top elementor-widget elementor-widget-image-box\" data-id=\"32b962f\" data-element_type=\"widget\" data-widget_type=\"image-box.default\">\n\t\t\t\t<div class=\"elementor-widget-container\">\n\t\t\t<div class=\"elementor-image-box-wrapper\"><figure class=\"elementor-image-box-img\"><img loading=\"lazy\" decoding=\"async\" width=\"1000\" height=\"665\" src=\"https:\/\/actris.cz\/web\/wp-content\/uploads\/2022\/12\/MUNI.jpg\" class=\"attachment-full size-full wp-image-67\" alt=\"\" srcset=\"https:\/\/actris.cz\/web\/wp-content\/uploads\/2022\/12\/MUNI.jpg 1000w, https:\/\/actris.cz\/web\/wp-content\/uploads\/2022\/12\/MUNI-300x200.jpg 300w, https:\/\/actris.cz\/web\/wp-content\/uploads\/2022\/12\/MUNI-768x511.jpg 768w, https:\/\/actris.cz\/web\/wp-content\/uploads\/2022\/12\/MUNI-18x12.jpg 18w\" sizes=\"auto, (max-width: 1000px) 100vw, 1000px\" \/><\/figure><div class=\"elementor-image-box-content\"><h3 class=\"elementor-image-box-title\">Masarykova univerzita - RECETOX<\/h3><p class=\"elementor-image-box-description\">Centrum RECETOX je samostatn\u00fdm \u00fastavem P\u0159\u00edrodov\u011bdeck\u00e9 fakulty Masarykovy univerzity v Brn\u011b. Zab\u00fdv\u00e1 se v\u00fdzkumem a v\u00fdukou v oblasti managementu environment\u00e1ln\u00edch a zdravotn\u00edch rizik souvisej\u00edc\u00edch s chemick\u00fdmi l\u00e1tkami kolem n\u00e1s.<\/p><\/div><\/div>\t\t<\/div>\n\t\t\t\t<\/div>\n\t\t\t\t\t<\/div>\n\t\t<\/div>\n\t\t\t\t\t\t\t<\/div>\n\t\t<\/section>\n\t\t\t\t\t\t\t<\/div>\n\t\t","protected":false},"excerpt":{"rendered":"<p>\u010cesk\u00fd hydrometeorologick\u00fd \u00fastav \u010cesk\u00fd hydrometeorologick\u00fd \u00fastav (\u010cHM\u00da) je p\u0159\u00edjemcem podpory a koordin\u00e1torem projektu ACTRIS-CZ. Je vlastn\u00edkem a provozovatelem Observato\u0159e Ko\u0161etice. \u00dastav chemick\u00fdch proces\u016f \u00dastav chemick\u00fdch proces\u016f AV \u010cR, v.v.i. je jedn\u00edm ze \u0161esti chemick\u00fdch \u00fastav\u016f Akademie v\u011bd \u010cesk\u00e9 republiky a slou\u017e\u00ed jako centrum z\u00e1kladn\u00edho a navazuj\u00edc\u00edho aplikovan\u00e9ho v\u00fdzkumu v chemick\u00e9m in\u017een\u00fdrstv\u00ed, organick\u00e9 synt\u00e9ze a katal\u00fdze [&hellip;]<\/p>\n","protected":false},"author":1,"featured_media":0,"parent":0,"menu_order":0,"comment_status":"closed","ping_status":"closed","template":"","meta":{"footnotes":""},"class_list":["post-62","page","type-page","status-publish","hentry","entry"],"_links":{"self":[{"href":"https:\/\/actris.cz\/web\/wp-json\/wp\/v2\/pages\/62","targetHints":{"allow":["GET"]}}],"collection":[{"href":"https:\/\/actris.cz\/web\/wp-json\/wp\/v2\/pages"}],"about":[{"href":"https:\/\/actris.cz\/web\/wp-json\/wp\/v2\/types\/page"}],"author":[{"embeddable":true,"href":"https:\/\/actris.cz\/web\/wp-json\/wp\/v2\/users\/1"}],"replies":[{"embeddable":true,"href":"https:\/\/actris.cz\/web\/wp-json\/wp\/v2\/comments?post=62"}],"version-history":[{"count":14,"href":"https:\/\/actris.cz\/web\/wp-json\/wp\/v2\/pages\/62\/revisions"}],"predecessor-version":[{"id":531,"href":"https:\/\/actris.cz\/web\/wp-json\/wp\/v2\/pages\/62\/revisions\/531"}],"wp:attachment":[{"href":"https:\/\/actris.cz\/web\/wp-json\/wp\/v2\/media?parent=62"}],"curies":[{"name":"wp","href":"https:\/\/api.w.org\/{rel}","templated":true}]}}