{"id":83,"date":"2022-12-19T09:58:13","date_gmt":"2022-12-19T08:58:13","guid":{"rendered":"http:\/\/actris.cz\/web\/?page_id=83"},"modified":"2023-02-26T09:47:52","modified_gmt":"2023-02-26T08:47:52","slug":"masarykova-univerzita-recetox","status":"publish","type":"page","link":"https:\/\/actris.cz\/web\/masarykova-univerzita-recetox\/","title":{"rendered":"Masarykova univerzita &#8211; RECETOX"},"content":{"rendered":"\t\t<div data-elementor-type=\"wp-page\" data-elementor-id=\"83\" class=\"elementor elementor-83\">\n\t\t\t\t\t\t\t\t\t<section class=\"elementor-section elementor-top-section elementor-element elementor-element-bc39c14 elementor-section-boxed elementor-section-height-default elementor-section-height-default\" data-id=\"bc39c14\" data-element_type=\"section\" data-settings=\"{&quot;_ha_eqh_enable&quot;:false}\">\n\t\t\t\t\t\t<div class=\"elementor-container elementor-column-gap-default\">\n\t\t\t\t\t<div class=\"elementor-column elementor-col-100 elementor-top-column elementor-element elementor-element-e1afe75\" data-id=\"e1afe75\" data-element_type=\"column\">\n\t\t\t<div class=\"elementor-widget-wrap elementor-element-populated\">\n\t\t\t\t\t\t\t\t<div class=\"elementor-element elementor-element-4d181b6 elementor-widget elementor-widget-image\" data-id=\"4d181b6\" data-element_type=\"widget\" data-widget_type=\"image.default\">\n\t\t\t\t<div class=\"elementor-widget-container\">\n\t\t\t<style>\/*! elementor - v3.9.2 - 21-12-2022 *\/\n.elementor-widget-image{text-align:center}.elementor-widget-image a{display:inline-block}.elementor-widget-image a img[src$=\".svg\"]{width:48px}.elementor-widget-image img{vertical-align:middle;display:inline-block}<\/style>\t\t\t\t\t\t\t\t\t\t\t\t<img loading=\"lazy\" decoding=\"async\" width=\"1000\" height=\"665\" src=\"https:\/\/actris.cz\/web\/wp-content\/uploads\/2022\/12\/MUNI.jpg\" class=\"attachment-large size-large wp-image-67\" alt=\"\" srcset=\"https:\/\/actris.cz\/web\/wp-content\/uploads\/2022\/12\/MUNI.jpg 1000w, https:\/\/actris.cz\/web\/wp-content\/uploads\/2022\/12\/MUNI-300x200.jpg 300w, https:\/\/actris.cz\/web\/wp-content\/uploads\/2022\/12\/MUNI-768x511.jpg 768w, https:\/\/actris.cz\/web\/wp-content\/uploads\/2022\/12\/MUNI-18x12.jpg 18w\" sizes=\"auto, (max-width: 1000px) 100vw, 1000px\" \/>\t\t\t\t\t\t\t\t\t\t\t\t\t\t\t<\/div>\n\t\t\t\t<\/div>\n\t\t\t\t\t<\/div>\n\t\t<\/div>\n\t\t\t\t\t\t\t<\/div>\n\t\t<\/section>\n\t\t\t\t<section class=\"elementor-section elementor-top-section elementor-element elementor-element-3762cb7 elementor-section-boxed elementor-section-height-default elementor-section-height-default\" data-id=\"3762cb7\" data-element_type=\"section\" data-settings=\"{&quot;_ha_eqh_enable&quot;:false}\">\n\t\t\t\t\t\t<div class=\"elementor-container elementor-column-gap-default\">\n\t\t\t\t\t<div class=\"elementor-column elementor-col-100 elementor-top-column elementor-element elementor-element-e8491e7\" data-id=\"e8491e7\" data-element_type=\"column\">\n\t\t\t<div class=\"elementor-widget-wrap elementor-element-populated\">\n\t\t\t\t\t\t\t\t<div class=\"elementor-element elementor-element-6af2258 elementor-widget elementor-widget-text-editor\" data-id=\"6af2258\" data-element_type=\"widget\" data-widget_type=\"text-editor.default\">\n\t\t\t\t<div class=\"elementor-widget-container\">\n\t\t\t<style>\/*! elementor - v3.9.2 - 21-12-2022 *\/\n.elementor-widget-text-editor.elementor-drop-cap-view-stacked .elementor-drop-cap{background-color:#818a91;color:#fff}.elementor-widget-text-editor.elementor-drop-cap-view-framed .elementor-drop-cap{color:#818a91;border:3px solid;background-color:transparent}.elementor-widget-text-editor:not(.elementor-drop-cap-view-default) .elementor-drop-cap{margin-top:8px}.elementor-widget-text-editor:not(.elementor-drop-cap-view-default) .elementor-drop-cap-letter{width:1em;height:1em}.elementor-widget-text-editor .elementor-drop-cap{float:left;text-align:center;line-height:1;font-size:50px}.elementor-widget-text-editor .elementor-drop-cap-letter{display:inline-block}<\/style>\t\t\t\t<p>Centrum RECETOX je samostatn\u00fdm \u00fastavem P\u0159\u00edrodov\u011bdeck\u00e9 fakulty Masarykovy univerzity v\u00a0Brn\u011b. Zab\u00fdv\u00e1 se v\u00fdzkumem a v\u00fdukou v oblasti managementu environment\u00e1ln\u00edch a zdravotn\u00edch rizik souvisej\u00edc\u00edch s chemick\u00fdmi l\u00e1tkami kolem n\u00e1s.<\/p><p>Dlouhodob\u00fdm c\u00edlem centra RECETOX je realizovat \u0161pi\u010dkov\u00fd v\u00fdzkum a jeho v\u00fdsledky vyu\u017e\u00edvat k ochran\u011b \u017eivotn\u00edho prost\u0159ed\u00ed a lidsk\u00e9ho zdrav\u00ed. V\u00fdzkum se zam\u011b\u0159uje na studium vztah\u016f mezi chemick\u00fdmi l\u00e1tkami, \u017eivotn\u00edm prost\u0159ed\u00edm a biologick\u00fdmi syst\u00e9my, v\u010detn\u011b sledov\u00e1n\u00ed jejich d\u016fsledk\u016f na lok\u00e1ln\u00ed, region\u00e1ln\u00ed a glob\u00e1ln\u00ed \u00farovni. Jsou vyv\u00edjeny nov\u00e9 p\u0159\u00edstupy, vhodn\u00e9 ke studiu distribuce, transportu, bioakumulace a \u00fa\u010dink\u016f kontaminant\u016f, zahrnuj\u00edc\u00ed hodnocen\u00ed environment\u00e1ln\u00edch a zdravotn\u00edch rizik, environment\u00e1ln\u00ed modelov\u00e1n\u00ed, biostatistiku a environment\u00e1ln\u00ed informatiku. \u0160irok\u00fd odborn\u00fd z\u00e1b\u011br pracovn\u00edk\u016f Centra umo\u017e\u0148uje zkoumat mezioborov\u00e9 vztahy mezi kontaminac\u00ed ekosyst\u00e9m\u016f a zdrav\u00edm populace, biologickou rozmanitost\u00ed nebo klimatick\u00fdmi zm\u011bnami, hodnotit lok\u00e1ln\u00ed a region\u00e1ln\u00ed dopady a vyv\u00edjet nov\u00e9 remedia\u010dn\u00ed a sana\u010dn\u00ed technologie. C\u00edlem je z\u00edsk\u00e1vat nov\u00e1 data a poznatky a zp\u0159\u00edstupnit je pro kvalifikovan\u00e9 rozhodov\u00e1n\u00ed na v\u0161ech \u00farovn\u00edch. Kl\u00ed\u010dovou roli hraje v tomto procesu vzd\u011bl\u00e1v\u00e1n\u00ed, a to nejen vzd\u011bl\u00e1v\u00e1n\u00ed univerzitn\u00edch student\u016f, ale i odborn\u00edk\u016f z praxe a \u0161irok\u00e9 ve\u0159ejnosti. RECETOX poskytuje vzd\u011bl\u00e1n\u00ed ve studijn\u00edch programech na pomez\u00ed biologie, chemie, epidemiologie, environment\u00e1ln\u00edch v\u011bd, matematiky, statistiky a informatiky. Lze je studovat v bakal\u00e1\u0159sk\u00e9m, magistersk\u00e9m i doktorsk\u00e9m stupni studia.<\/p><p>V\u00fdzkumn\u00e1 \u010dinnost centra je podporov\u00e1na nejmodern\u011bj\u0161\u00ed v\u00fdzkumnou infrastrukturou, kter\u00e1 je \u010d\u00e1ste\u010dn\u011b centralizovan\u00e1 do samostatn\u00fdch jednotek, tzv. core facilit. V\u00fdzkumn\u00e1 infrastruktura funguje na principu \u201eopen access\u201c, v r\u00e1mci kter\u00e9ho poskytuje sv\u00e9 kapacity intern\u00edm i extern\u00edm u\u017eivatel\u016fm. Laborato\u0159 stopov\u00e9 anal\u00fdzy nab\u00edz\u00ed nejmodern\u011bj\u0161\u00ed vybaven\u00ed a zku\u0161en\u00e9 pracovn\u00edky pro anal\u00fdzu \u0161irok\u00e9ho spektra vzork\u016f \u017eivotn\u00edho prost\u0159ed\u00ed a lidsk\u00fdch matric. Realizuje celou \u0159adu dlouhodob\u00fdch n\u00e1rodn\u00edch i mezin\u00e1rodn\u00edch monitorovac\u00edch program\u016f, laboratorn\u00ed i ter\u00e9nn\u00ed studie, stejn\u011b jako poskytuje analytickou podporu spolupracuj\u00edc\u00edm instituc\u00edm v r\u00e1mci spole\u010dn\u00fdch projekt\u016f a smluvn\u00edho v\u00fdzkumu. Pracuje v souladu s p\u0159\u00edsn\u00fdmi QA\/QC protokoly, pou\u017e\u00edv\u00e1 validovan\u00e9 metody a pravideln\u011b se \u00fa\u010dastn\u00ed test\u016f zp\u016fsobilosti. Glob\u00e1ln\u00ed syst\u00e9m pro hodnocen\u00ed \u017eivotn\u00edho prost\u0159ed\u00ed GENASIS (Global ENvironmental ASsessment and Information System) je centr\u00e1ln\u00ed jednotka v\u00fdzkumn\u00e9 infrastruktury Centra poskytuj\u00edc\u00ed informace o koncentrac\u00edch l\u00e1tek v \u017eivotn\u00edm prost\u0159ed\u00ed a lidsk\u00fdch tk\u00e1n\u00edch v\u011bdeck\u00e9 komunit\u011b, tv\u016frc\u016fm politick\u00fdch a pr\u00e1vn\u00edch opat\u0159en\u00ed i \u0161irok\u00e9 ve\u0159ejnosti. Data z\u00edskan\u00e1 z dlouhodob\u00fdch monitorovac\u00edch program\u016f Centra jsou spojena s daty z jin\u00fdch zdroj\u016f s c\u00edlem podpo\u0159it rozhodov\u00e1n\u00ed na n\u00e1rodn\u00ed a mezin\u00e1rodn\u00ed \u00farovni a realizaci mnohostrann\u00fdch dohod o \u017eivotn\u00edm prost\u0159ed\u00ed (www.genasis.cz, www.pops-gmp.org).<\/p><p>Centrum RECETOX se pod\u00edl\u00ed na budov\u00e1n\u00ed infrastruktury, rozvoji v\u00fdzkumn\u00fdch aktivit a expert\u00edz na NOAK ji\u017e od zalo\u017een\u00ed stanice v\u00a0roce 1988. Garantuje integrovan\u00fd monitoring perzistentn\u00edch organick\u00fdch polutant\u016f (POPs) pro pot\u0159eby \u00damluvy o d\u00e1lkov\u00e9m p\u0159eshrani\u010dn\u00edm transportu atmosf\u00e9rick\u00e9ho zne\u010dist\u011bn\u00ed (CLRTAP) a Stockholmsk\u00e9 \u00famluvy (SC) v\u010detn\u011b managementu, hodnocen\u00ed a prezentace dostupn\u00fdch dat. Projekt je podporov\u00e1n akreditovanou Laborato\u0159\u00ed stopov\u00e9 anal\u00fdzy v\u00fdzkumn\u00e9 infrastruktury RECETOX nab\u00edzej\u00edc\u00ed nejmodern\u011bj\u0161\u00ed vybaven\u00ed a zku\u0161en\u00e9 pracovn\u00edky pro anal\u00fdzu \u0161irok\u00e9ho spektra vzork\u016f \u017eivotn\u00edho prost\u0159ed\u00ed.<\/p><p>Ke kl\u00ed\u010dov\u00fdm aktivit\u00e1m pat\u0159\u00ed:<\/p><ul><li>Dlouhodob\u00fd monitoring POPs ve voln\u00e9m ovzdu\u0161\u00ed a atmosf\u00e9rick\u00e9 depozici na observato\u0159\u00ed Ko\u0161etice jako st\u0159edoevropsk\u00e9 poza\u010fov\u00e9 stanici s\u00edt\u011b EMEP, kter\u00fd je realizov\u00e1n pro \u00fa\u010dely CLRTAP od roku 1988 a jeho\u017e v\u00fdsledky jsou poskytov\u00e1ny do spole\u010dn\u00e9 datab\u00e1ze EMEP.<\/li><li>Pasivn\u00ed vzorkov\u00e1n\u00ed POPs ve voln\u00e9m ovzdu\u0161\u00ed realizov\u00e1no od roku 2003 na observato\u0159i Ko\u0161etice jako interkalibra\u010dn\u00ed stanici mezin\u00e1rodn\u00edch s\u00edt\u00ed pasivn\u00edho monitoringu MONET a GAPS z\u0159\u00edzen\u00fdch na podporu Glob\u00e1ln\u00edho monitorovac\u00edho pl\u00e1nu (GMP) Stockholmsk\u00e9 \u00famluvy o POPs (www.genasis.muni.cz, www.pops-gmp.org).<\/li><li>Integrovan\u00fd monitoring POPs\u00a0 ve voln\u00e9m ovzdu\u0161\u00ed, atmosf\u00e9rick\u00e9 depozici, povrchov\u00e9 vod\u011b, sedimentu, p\u016fd\u011b, mechu a li\u0161ejn\u00edku realizovan\u00fd od roku 1988 za \u00fa\u010delem detailn\u00edho studia osudu t\u011bchto l\u00e1tek v prost\u0159ed\u00ed a z\u00edsk\u00e1v\u00e1n\u00ed dat pro v\u00fdvoj a validaci model\u016f.<\/li><li>Detailn\u00ed studie distribuce POPs mezi velikostn\u011b stratifikovan\u00e9 frakce atmosf\u00e9rick\u00fdch aerosol\u016f a plynnou f\u00e1zi atmosf\u00e9ry a dopady t\u00e9to distribuce na dobu \u017eivota a d\u00e1lkov\u00fd transport POPs a s t\u00edm spojen\u00e1 zdravotn\u00ed rizika.<\/li><li>Studie zam\u011b\u0159en\u00e9 na \u00fa\u010dinnost vyn\u00fdv\u00e1n\u00ed POPs z atmosf\u00e9ry procesy such\u00e9 a mokr\u00e9 depozice a vyu\u017eit\u00ed t\u011bchto nov\u00fdch poznatk\u016f p\u0159i v\u00fdvoji nov\u00fdch model\u016f.<\/li><li>V\u00fdzkumn\u00e9 aktivity zahrnuj\u00ed monitoring perzistentn\u00edch organick\u00fdch polutant\u016f (POPs v\u010detn\u011b nov\u011b p\u0159idan\u00fdch do Stockholmsk\u00e9 \u00famluvy), polycyklick\u00fdch aromatick\u00fdch uhlovod\u00edk\u016f (PAHs), substituovan\u00fdch PAHs, a pol\u00e1rn\u00edch slou\u010denin ve vzorc\u00edch abiotick\u00fdch (ovzdu\u0161\u00ed, atmosf\u00e9rick\u00e1 depozice, voda, p\u016fda, sedimenty) i biotick\u00fdch (jehlice, mechy) slo\u017ek\u00e1ch \u017eivotn\u00edho prost\u0159ed\u00ed.<\/li><\/ul><p>C\u00edlem Centra RECETOX je i nad\u00e1le roz\u0161i\u0159ovat spektrum sledovan\u00fdch l\u00e1tek na NAOK, zvy\u0161ovat dostupnost a vyu\u017eit\u00ed dat pro sledov\u00e1n\u00ed prostorov\u00fdch a \u010dasov\u00fdch trend\u016f, environment\u00e1ln\u00edch a hum\u00e1nn\u00edch rizik.<\/p>\t\t\t\t\t\t<\/div>\n\t\t\t\t<\/div>\n\t\t\t\t\t<\/div>\n\t\t<\/div>\n\t\t\t\t\t\t\t<\/div>\n\t\t<\/section>\n\t\t\t\t\t\t\t<\/div>\n\t\t","protected":false},"excerpt":{"rendered":"<p>Centrum RECETOX je samostatn\u00fdm \u00fastavem P\u0159\u00edrodov\u011bdeck\u00e9 fakulty Masarykovy univerzity v\u00a0Brn\u011b. Zab\u00fdv\u00e1 se v\u00fdzkumem a v\u00fdukou v oblasti managementu environment\u00e1ln\u00edch a zdravotn\u00edch rizik souvisej\u00edc\u00edch s chemick\u00fdmi l\u00e1tkami kolem n\u00e1s. Dlouhodob\u00fdm c\u00edlem centra RECETOX je realizovat \u0161pi\u010dkov\u00fd v\u00fdzkum a jeho v\u00fdsledky vyu\u017e\u00edvat k ochran\u011b \u017eivotn\u00edho prost\u0159ed\u00ed a lidsk\u00e9ho zdrav\u00ed. V\u00fdzkum se zam\u011b\u0159uje na studium vztah\u016f mezi chemick\u00fdmi [&hellip;]<\/p>\n","protected":false},"author":1,"featured_media":0,"parent":0,"menu_order":0,"comment_status":"closed","ping_status":"closed","template":"","meta":{"footnotes":""},"class_list":["post-83","page","type-page","status-publish","hentry","entry"],"_links":{"self":[{"href":"https:\/\/actris.cz\/web\/wp-json\/wp\/v2\/pages\/83","targetHints":{"allow":["GET"]}}],"collection":[{"href":"https:\/\/actris.cz\/web\/wp-json\/wp\/v2\/pages"}],"about":[{"href":"https:\/\/actris.cz\/web\/wp-json\/wp\/v2\/types\/page"}],"author":[{"embeddable":true,"href":"https:\/\/actris.cz\/web\/wp-json\/wp\/v2\/users\/1"}],"replies":[{"embeddable":true,"href":"https:\/\/actris.cz\/web\/wp-json\/wp\/v2\/comments?post=83"}],"version-history":[{"count":7,"href":"https:\/\/actris.cz\/web\/wp-json\/wp\/v2\/pages\/83\/revisions"}],"predecessor-version":[{"id":761,"href":"https:\/\/actris.cz\/web\/wp-json\/wp\/v2\/pages\/83\/revisions\/761"}],"wp:attachment":[{"href":"https:\/\/actris.cz\/web\/wp-json\/wp\/v2\/media?parent=83"}],"curies":[{"name":"wp","href":"https:\/\/api.w.org\/{rel}","templated":true}]}}