{"id":922,"date":"2023-03-08T13:52:14","date_gmt":"2023-03-08T12:52:14","guid":{"rendered":"https:\/\/actris.cz\/web\/?page_id=922"},"modified":"2023-03-14T17:31:20","modified_gmt":"2023-03-14T16:31:20","slug":"contacts-2","status":"publish","type":"page","link":"https:\/\/actris.cz\/web\/contacts-2\/","title":{"rendered":"Contacts"},"content":{"rendered":"\t\t<div data-elementor-type=\"wp-page\" data-elementor-id=\"922\" class=\"elementor elementor-922\">\n\t\t\t\t\t\t\t\t\t<section class=\"elementor-section elementor-top-section elementor-element elementor-element-6d2e5e1 elementor-section-boxed elementor-section-height-default elementor-section-height-default\" data-id=\"6d2e5e1\" data-element_type=\"section\" data-settings=\"{&quot;_ha_eqh_enable&quot;:false}\">\n\t\t\t\t\t\t<div class=\"elementor-container elementor-column-gap-default\">\n\t\t\t\t\t<div class=\"elementor-column elementor-col-100 elementor-top-column elementor-element elementor-element-02eac75\" data-id=\"02eac75\" data-element_type=\"column\">\n\t\t\t<div class=\"elementor-widget-wrap elementor-element-populated\">\n\t\t\t\t\t\t\t\t<div class=\"elementor-element elementor-element-ef54355 elementor-position-left elementor-vertical-align-top elementor-widget elementor-widget-image-box\" data-id=\"ef54355\" data-element_type=\"widget\" data-widget_type=\"image-box.default\">\n\t\t\t\t<div class=\"elementor-widget-container\">\n\t\t\t<style>\/*! elementor - v3.9.2 - 21-12-2022 *\/\n.elementor-widget-image-box .elementor-image-box-content{width:100%}@media (min-width:768px){.elementor-widget-image-box.elementor-position-left .elementor-image-box-wrapper,.elementor-widget-image-box.elementor-position-right .elementor-image-box-wrapper{display:flex}.elementor-widget-image-box.elementor-position-right .elementor-image-box-wrapper{text-align:right;flex-direction:row-reverse}.elementor-widget-image-box.elementor-position-left .elementor-image-box-wrapper{text-align:left;flex-direction:row}.elementor-widget-image-box.elementor-position-top .elementor-image-box-img{margin:auto}.elementor-widget-image-box.elementor-vertical-align-top .elementor-image-box-wrapper{align-items:flex-start}.elementor-widget-image-box.elementor-vertical-align-middle .elementor-image-box-wrapper{align-items:center}.elementor-widget-image-box.elementor-vertical-align-bottom .elementor-image-box-wrapper{align-items:flex-end}}@media (max-width:767px){.elementor-widget-image-box .elementor-image-box-img{margin-left:auto!important;margin-right:auto!important;margin-bottom:15px}}.elementor-widget-image-box .elementor-image-box-img{display:inline-block}.elementor-widget-image-box .elementor-image-box-title a{color:inherit}.elementor-widget-image-box .elementor-image-box-wrapper{text-align:center}.elementor-widget-image-box .elementor-image-box-description{margin:0}<\/style><div class=\"elementor-image-box-wrapper\"><figure class=\"elementor-image-box-img\"><a href=\"https:\/\/www.chmi.cz\"><img loading=\"lazy\" decoding=\"async\" width=\"979\" height=\"785\" src=\"https:\/\/actris.cz\/web\/wp-content\/uploads\/2022\/12\/2-CHMU-logo-CS-doplnkove-kratke-MODRA-transparentni.png\" class=\"attachment-full size-full wp-image-160\" alt=\"\" srcset=\"https:\/\/actris.cz\/web\/wp-content\/uploads\/2022\/12\/2-CHMU-logo-CS-doplnkove-kratke-MODRA-transparentni.png 979w, https:\/\/actris.cz\/web\/wp-content\/uploads\/2022\/12\/2-CHMU-logo-CS-doplnkove-kratke-MODRA-transparentni-300x241.png 300w, https:\/\/actris.cz\/web\/wp-content\/uploads\/2022\/12\/2-CHMU-logo-CS-doplnkove-kratke-MODRA-transparentni-768x616.png 768w, https:\/\/actris.cz\/web\/wp-content\/uploads\/2022\/12\/2-CHMU-logo-CS-doplnkove-kratke-MODRA-transparentni-15x12.png 15w\" sizes=\"auto, (max-width: 979px) 100vw, 979px\" \/><\/a><\/figure><div class=\"elementor-image-box-content\"><h3 class=\"elementor-image-box-title\"><a href=\"https:\/\/www.chmi.cz\">CHMI \u2013 Czech Hydrometeorological Institute<\/a><\/h3><p class=\"elementor-image-box-description\">Air Quality and meteorological parameters measurement \n<br>\nProject manager<br> \nMgr. Ad\u00e9la Holubov\u00e1 \u0160mejkalov\u00e1, Ph.D.\n+420565498015\nadela.holubova@chmi.cz\n<\/p><\/div><\/div>\t\t<\/div>\n\t\t\t\t<\/div>\n\t\t\t\t\t<\/div>\n\t\t<\/div>\n\t\t\t\t\t\t\t<\/div>\n\t\t<\/section>\n\t\t\t\t<section class=\"elementor-section elementor-top-section elementor-element elementor-element-a8a8b64 elementor-section-boxed elementor-section-height-default elementor-section-height-default\" data-id=\"a8a8b64\" data-element_type=\"section\" data-settings=\"{&quot;_ha_eqh_enable&quot;:false}\">\n\t\t\t\t\t\t<div class=\"elementor-container elementor-column-gap-default\">\n\t\t\t\t\t<div class=\"elementor-column elementor-col-100 elementor-top-column elementor-element elementor-element-5832add\" data-id=\"5832add\" data-element_type=\"column\">\n\t\t\t<div class=\"elementor-widget-wrap elementor-element-populated\">\n\t\t\t\t\t\t\t\t<div class=\"elementor-element elementor-element-cb87047 elementor-position-left elementor-vertical-align-top elementor-widget elementor-widget-image-box\" data-id=\"cb87047\" data-element_type=\"widget\" data-widget_type=\"image-box.default\">\n\t\t\t\t<div class=\"elementor-widget-container\">\n\t\t\t<div class=\"elementor-image-box-wrapper\"><figure class=\"elementor-image-box-img\"><a href=\"https:\/\/www.icpf.cas.cz\/\"><img loading=\"lazy\" decoding=\"async\" width=\"322\" height=\"157\" src=\"https:\/\/actris.cz\/web\/wp-content\/uploads\/2022\/12\/UCHP.png\" class=\"attachment-full size-full wp-image-161\" alt=\"\" srcset=\"https:\/\/actris.cz\/web\/wp-content\/uploads\/2022\/12\/UCHP.png 322w, https:\/\/actris.cz\/web\/wp-content\/uploads\/2022\/12\/UCHP-300x146.png 300w, https:\/\/actris.cz\/web\/wp-content\/uploads\/2022\/12\/UCHP-18x9.png 18w\" sizes=\"auto, (max-width: 322px) 100vw, 322px\" \/><\/a><\/figure><div class=\"elementor-image-box-content\"><h3 class=\"elementor-image-box-title\"><a href=\"https:\/\/www.icpf.cas.cz\/\">ICPF \u2013The Institute of Chemical Process Fundamentals<\/a><\/h3><p class=\"elementor-image-box-description\">Special aerosols measurement\n<br>\nIng. Vladim\u00edr \u017dd\u00edmal, Ph.D.\n<br>\nzdimal@icpf.cas.cz\n<\/p><\/div><\/div>\t\t<\/div>\n\t\t\t\t<\/div>\n\t\t\t\t\t<\/div>\n\t\t<\/div>\n\t\t\t\t\t\t\t<\/div>\n\t\t<\/section>\n\t\t\t\t<section class=\"elementor-section elementor-top-section elementor-element elementor-element-4a3aaae elementor-section-boxed elementor-section-height-default elementor-section-height-default\" data-id=\"4a3aaae\" data-element_type=\"section\" data-settings=\"{&quot;_ha_eqh_enable&quot;:false}\">\n\t\t\t\t\t\t<div class=\"elementor-container elementor-column-gap-default\">\n\t\t\t\t\t<div class=\"elementor-column elementor-col-100 elementor-top-column elementor-element elementor-element-ac41c82\" data-id=\"ac41c82\" data-element_type=\"column\">\n\t\t\t<div class=\"elementor-widget-wrap elementor-element-populated\">\n\t\t\t\t\t\t\t\t<div class=\"elementor-element elementor-element-f8f8d23 elementor-position-left elementor-vertical-align-top elementor-widget elementor-widget-image-box\" data-id=\"f8f8d23\" data-element_type=\"widget\" data-widget_type=\"image-box.default\">\n\t\t\t\t<div class=\"elementor-widget-container\">\n\t\t\t<div class=\"elementor-image-box-wrapper\"><figure class=\"elementor-image-box-img\"><a href=\"http:\/\/www.czechglobe.cz\/\"><img loading=\"lazy\" decoding=\"async\" width=\"1134\" height=\"419\" src=\"https:\/\/actris.cz\/web\/wp-content\/uploads\/2022\/12\/logo-1.png\" class=\"attachment-full size-full wp-image-162\" alt=\"\" srcset=\"https:\/\/actris.cz\/web\/wp-content\/uploads\/2022\/12\/logo-1.png 1134w, https:\/\/actris.cz\/web\/wp-content\/uploads\/2022\/12\/logo-1-300x111.png 300w, https:\/\/actris.cz\/web\/wp-content\/uploads\/2022\/12\/logo-1-1024x378.png 1024w, https:\/\/actris.cz\/web\/wp-content\/uploads\/2022\/12\/logo-1-768x284.png 768w, https:\/\/actris.cz\/web\/wp-content\/uploads\/2022\/12\/logo-1-18x7.png 18w\" sizes=\"auto, (max-width: 1134px) 100vw, 1134px\" \/><\/a><\/figure><div class=\"elementor-image-box-content\"><h3 class=\"elementor-image-box-title\"><a href=\"http:\/\/www.czechglobe.cz\/\">GCRI \u2013 Global Change Research Institute <\/a><\/h3><p class=\"elementor-image-box-description\">Greenhouse Gases measurement, meteorological parameters measurement at the Atmospheric mast,  selected aerosols measurement\n<br>\nRNDr. Roman Proke\u0161, Ph.D.\n<br>\nprokes.r@czechglobe.cz\n<\/p><\/div><\/div>\t\t<\/div>\n\t\t\t\t<\/div>\n\t\t\t\t\t<\/div>\n\t\t<\/div>\n\t\t\t\t\t\t\t<\/div>\n\t\t<\/section>\n\t\t\t\t<section class=\"elementor-section elementor-top-section elementor-element elementor-element-e12b169 elementor-section-boxed elementor-section-height-default elementor-section-height-default\" data-id=\"e12b169\" data-element_type=\"section\" data-settings=\"{&quot;_ha_eqh_enable&quot;:false}\">\n\t\t\t\t\t\t<div class=\"elementor-container elementor-column-gap-default\">\n\t\t\t\t\t<div class=\"elementor-column elementor-col-100 elementor-top-column elementor-element elementor-element-b885ea1\" data-id=\"b885ea1\" data-element_type=\"column\">\n\t\t\t<div class=\"elementor-widget-wrap elementor-element-populated\">\n\t\t\t\t\t\t\t\t<div class=\"elementor-element elementor-element-826147b elementor-position-left elementor-vertical-align-top elementor-widget elementor-widget-image-box\" data-id=\"826147b\" data-element_type=\"widget\" data-widget_type=\"image-box.default\">\n\t\t\t\t<div class=\"elementor-widget-container\">\n\t\t\t<div class=\"elementor-image-box-wrapper\"><figure class=\"elementor-image-box-img\"><a href=\"http:\/\/www.recetox.muni.cz\/\"><img loading=\"lazy\" decoding=\"async\" width=\"1920\" height=\"427\" src=\"https:\/\/actris.cz\/web\/wp-content\/uploads\/2022\/12\/muni-recetox.jpg\" class=\"attachment-full size-full wp-image-163\" alt=\"\" srcset=\"https:\/\/actris.cz\/web\/wp-content\/uploads\/2022\/12\/muni-recetox.jpg 1920w, https:\/\/actris.cz\/web\/wp-content\/uploads\/2022\/12\/muni-recetox-300x67.jpg 300w, https:\/\/actris.cz\/web\/wp-content\/uploads\/2022\/12\/muni-recetox-1024x228.jpg 1024w, https:\/\/actris.cz\/web\/wp-content\/uploads\/2022\/12\/muni-recetox-768x171.jpg 768w, https:\/\/actris.cz\/web\/wp-content\/uploads\/2022\/12\/muni-recetox-1536x342.jpg 1536w, https:\/\/actris.cz\/web\/wp-content\/uploads\/2022\/12\/muni-recetox-18x4.jpg 18w\" sizes=\"auto, (max-width: 1920px) 100vw, 1920px\" \/><\/a><\/figure><div class=\"elementor-image-box-content\"><h3 class=\"elementor-image-box-title\"><a href=\"http:\/\/www.recetox.muni.cz\/\">Masaryk Univerzity \u2013 Research Centre for Toxic Compounds in the Environment<\/a><\/h3><p class=\"elementor-image-box-description\">Persistent Organic Pollutants measurement\n<br>\nprof. RNDr. Jana.Kl\u00e1nov\u00e1, Ph.D.\n<br>\njana.klanova@recetox.muni.cz\n<\/p><\/div><\/div>\t\t<\/div>\n\t\t\t\t<\/div>\n\t\t\t\t\t<\/div>\n\t\t<\/div>\n\t\t\t\t\t\t\t<\/div>\n\t\t<\/section>\n\t\t\t\t<section class=\"elementor-section elementor-top-section elementor-element elementor-element-92ed1b5 elementor-section-boxed elementor-section-height-default elementor-section-height-default\" data-id=\"92ed1b5\" data-element_type=\"section\" data-settings=\"{&quot;_ha_eqh_enable&quot;:false}\">\n\t\t\t\t\t\t<div class=\"elementor-container elementor-column-gap-default\">\n\t\t\t\t\t<div class=\"elementor-column elementor-col-100 elementor-top-column elementor-element elementor-element-bfbf982\" data-id=\"bfbf982\" data-element_type=\"column\">\n\t\t\t<div class=\"elementor-widget-wrap elementor-element-populated\">\n\t\t\t\t\t\t\t\t<div class=\"elementor-element elementor-element-0124ed9 elementor-widget elementor-widget-spacer\" data-id=\"0124ed9\" data-element_type=\"widget\" data-widget_type=\"spacer.default\">\n\t\t\t\t<div class=\"elementor-widget-container\">\n\t\t\t<style>\/*! elementor - v3.9.2 - 21-12-2022 *\/\n.elementor-column .elementor-spacer-inner{height:var(--spacer-size)}.e-con{--container-widget-width:100%}.e-con-inner>.elementor-widget-spacer,.e-con>.elementor-widget-spacer{width:var(--container-widget-width,var(--spacer-size));--align-self:var(--container-widget-align-self,initial);--flex-shrink:0}.e-con-inner>.elementor-widget-spacer>.elementor-widget-container,.e-con-inner>.elementor-widget-spacer>.elementor-widget-container>.elementor-spacer,.e-con>.elementor-widget-spacer>.elementor-widget-container,.e-con>.elementor-widget-spacer>.elementor-widget-container>.elementor-spacer{height:100%}.e-con-inner>.elementor-widget-spacer>.elementor-widget-container>.elementor-spacer>.elementor-spacer-inner,.e-con>.elementor-widget-spacer>.elementor-widget-container>.elementor-spacer>.elementor-spacer-inner{height:var(--container-widget-height,var(--spacer-size))}<\/style>\t\t<div class=\"elementor-spacer\">\n\t\t\t<div class=\"elementor-spacer-inner\"><\/div>\n\t\t<\/div>\n\t\t\t\t<\/div>\n\t\t\t\t<\/div>\n\t\t\t\t<div class=\"elementor-element elementor-element-de6d01d elementor-position-left elementor-vertical-align-top elementor-widget elementor-widget-image-box\" data-id=\"de6d01d\" data-element_type=\"widget\" data-widget_type=\"image-box.default\">\n\t\t\t\t<div class=\"elementor-widget-container\">\n\t\t\t<div class=\"elementor-image-box-wrapper\"><figure class=\"elementor-image-box-img\"><a href=\"https:\/\/www.ufa.cas.cz\/\"><img loading=\"lazy\" decoding=\"async\" width=\"400\" height=\"173\" src=\"https:\/\/actris.cz\/web\/wp-content\/uploads\/2022\/12\/ufa.png\" class=\"attachment-full size-full wp-image-164\" alt=\"\" srcset=\"https:\/\/actris.cz\/web\/wp-content\/uploads\/2022\/12\/ufa.png 400w, https:\/\/actris.cz\/web\/wp-content\/uploads\/2022\/12\/ufa-300x130.png 300w, https:\/\/actris.cz\/web\/wp-content\/uploads\/2022\/12\/ufa-18x8.png 18w\" sizes=\"auto, (max-width: 400px) 100vw, 400px\" \/><\/a><\/figure><div class=\"elementor-image-box-content\"><h3 class=\"elementor-image-box-title\"><a href=\"https:\/\/www.ufa.cas.cz\/\">Institute of Atmospheric Physics CAS<\/a><\/h3><p class=\"elementor-image-box-description\">Measurement of the aerosols with clouds interaction\nRNDr. Pavel Sedl\u00e1k, CSc.\nsedlak@ufa.cas.cz\n<\/p><\/div><\/div>\t\t<\/div>\n\t\t\t\t<\/div>\n\t\t\t\t\t<\/div>\n\t\t<\/div>\n\t\t\t\t\t\t\t<\/div>\n\t\t<\/section>\n\t\t\t\t<section class=\"elementor-section elementor-top-section elementor-element elementor-element-4c44deb elementor-section-boxed elementor-section-height-default elementor-section-height-default\" data-id=\"4c44deb\" data-element_type=\"section\" data-settings=\"{&quot;_ha_eqh_enable&quot;:false}\">\n\t\t\t\t\t\t<div class=\"elementor-container elementor-column-gap-default\">\n\t\t\t\t\t<div class=\"elementor-column elementor-col-100 elementor-top-column elementor-element elementor-element-ea0fd54\" data-id=\"ea0fd54\" data-element_type=\"column\">\n\t\t\t<div class=\"elementor-widget-wrap elementor-element-populated\">\n\t\t\t\t\t\t\t\t<div class=\"elementor-element elementor-element-135efa5 elementor-widget elementor-widget-text-editor\" data-id=\"135efa5\" data-element_type=\"widget\" data-widget_type=\"text-editor.default\">\n\t\t\t\t<div class=\"elementor-widget-container\">\n\t\t\t<style>\/*! elementor - v3.9.2 - 21-12-2022 *\/\n.elementor-widget-text-editor.elementor-drop-cap-view-stacked .elementor-drop-cap{background-color:#818a91;color:#fff}.elementor-widget-text-editor.elementor-drop-cap-view-framed .elementor-drop-cap{color:#818a91;border:3px solid;background-color:transparent}.elementor-widget-text-editor:not(.elementor-drop-cap-view-default) .elementor-drop-cap{margin-top:8px}.elementor-widget-text-editor:not(.elementor-drop-cap-view-default) .elementor-drop-cap-letter{width:1em;height:1em}.elementor-widget-text-editor .elementor-drop-cap{float:left;text-align:center;line-height:1;font-size:50px}.elementor-widget-text-editor .elementor-drop-cap-letter{display:inline-block}<\/style>\t\t\t\t<p><a href=\"https:\/\/actris.cz\/web\/wp-content\/uploads\/2023\/01\/organizacni_struktura_VVI_ACTRIS-CZ_2023.pdf\">Organizational structure of ACTRIS-CZ Project_2023<\/a><\/p>\t\t\t\t\t\t<\/div>\n\t\t\t\t<\/div>\n\t\t\t\t\t<\/div>\n\t\t<\/div>\n\t\t\t\t\t\t\t<\/div>\n\t\t<\/section>\n\t\t\t\t\t\t\t<\/div>\n\t\t","protected":false},"excerpt":{"rendered":"<p>CHMI \u2013 Czech Hydrometeorological Institute Air Quality and meteorological parameters measurement Project manager Mgr. Ad\u00e9la Holubov\u00e1 \u0160mejkalov\u00e1, Ph.D. +420565498015 adela.holubova@chmi.cz ICPF \u2013The Institute of Chemical Process Fundamentals Special aerosols measurement Ing. Vladim\u00edr \u017dd\u00edmal, Ph.D. zdimal@icpf.cas.cz GCRI \u2013 Global Change Research Institute Greenhouse Gases measurement, meteorological parameters measurement at the Atmospheric mast, selected aerosols measurement RNDr. [&hellip;]<\/p>\n","protected":false},"author":3,"featured_media":0,"parent":0,"menu_order":0,"comment_status":"closed","ping_status":"closed","template":"","meta":{"footnotes":""},"class_list":["post-922","page","type-page","status-publish","hentry","entry"],"_links":{"self":[{"href":"https:\/\/actris.cz\/web\/wp-json\/wp\/v2\/pages\/922","targetHints":{"allow":["GET"]}}],"collection":[{"href":"https:\/\/actris.cz\/web\/wp-json\/wp\/v2\/pages"}],"about":[{"href":"https:\/\/actris.cz\/web\/wp-json\/wp\/v2\/types\/page"}],"author":[{"embeddable":true,"href":"https:\/\/actris.cz\/web\/wp-json\/wp\/v2\/users\/3"}],"replies":[{"embeddable":true,"href":"https:\/\/actris.cz\/web\/wp-json\/wp\/v2\/comments?post=922"}],"version-history":[{"count":31,"href":"https:\/\/actris.cz\/web\/wp-json\/wp\/v2\/pages\/922\/revisions"}],"predecessor-version":[{"id":1038,"href":"https:\/\/actris.cz\/web\/wp-json\/wp\/v2\/pages\/922\/revisions\/1038"}],"wp:attachment":[{"href":"https:\/\/actris.cz\/web\/wp-json\/wp\/v2\/media?parent=922"}],"curies":[{"name":"wp","href":"https:\/\/api.w.org\/{rel}","templated":true}]}}