{"id":963,"date":"2023-03-09T13:28:53","date_gmt":"2023-03-09T12:28:53","guid":{"rendered":"https:\/\/actris.cz\/web\/?page_id=963"},"modified":"2023-03-09T13:40:32","modified_gmt":"2023-03-09T12:40:32","slug":"database","status":"publish","type":"page","link":"https:\/\/actris.cz\/web\/database\/","title":{"rendered":"Database"},"content":{"rendered":"\t\t<div data-elementor-type=\"wp-page\" data-elementor-id=\"963\" class=\"elementor elementor-963\">\n\t\t\t\t\t\t\t\t\t<section class=\"elementor-section elementor-top-section elementor-element elementor-element-5674b19 elementor-section-boxed elementor-section-height-default elementor-section-height-default\" data-id=\"5674b19\" data-element_type=\"section\" data-settings=\"{&quot;_ha_eqh_enable&quot;:false}\">\n\t\t\t\t\t\t<div class=\"elementor-container elementor-column-gap-default\">\n\t\t\t\t\t<div class=\"elementor-column elementor-col-100 elementor-top-column elementor-element elementor-element-9b07a07\" data-id=\"9b07a07\" data-element_type=\"column\">\n\t\t\t<div class=\"elementor-widget-wrap elementor-element-populated\">\n\t\t\t\t\t\t\t\t<div class=\"elementor-element elementor-element-5894150 elementor-widget elementor-widget-text-editor\" data-id=\"5894150\" data-element_type=\"widget\" data-widget_type=\"text-editor.default\">\n\t\t\t\t<div class=\"elementor-widget-container\">\n\t\t\t<style>\/*! elementor - v3.9.2 - 21-12-2022 *\/\n.elementor-widget-text-editor.elementor-drop-cap-view-stacked .elementor-drop-cap{background-color:#818a91;color:#fff}.elementor-widget-text-editor.elementor-drop-cap-view-framed .elementor-drop-cap{color:#818a91;border:3px solid;background-color:transparent}.elementor-widget-text-editor:not(.elementor-drop-cap-view-default) .elementor-drop-cap{margin-top:8px}.elementor-widget-text-editor:not(.elementor-drop-cap-view-default) .elementor-drop-cap-letter{width:1em;height:1em}.elementor-widget-text-editor .elementor-drop-cap{float:left;text-align:center;line-height:1;font-size:50px}.elementor-widget-text-editor .elementor-drop-cap-letter{display:inline-block}<\/style>\t\t\t\t<p>Data acquired by the infrastructure are regularly transmitted to several databases in the framework of cooperation within <a href=\"https:\/\/www.actris-ri.cz\/programy-a-projekty\">international projects and programmes.<\/a> Accessibility of data is subject to the rules of specific data centres.<\/p>\t\t\t\t\t\t<\/div>\n\t\t\t\t<\/div>\n\t\t\t\t\t<\/div>\n\t\t<\/div>\n\t\t\t\t\t\t\t<\/div>\n\t\t<\/section>\n\t\t\t\t<section class=\"elementor-section elementor-top-section elementor-element elementor-element-9fbd014 elementor-section-boxed elementor-section-height-default elementor-section-height-default\" data-id=\"9fbd014\" data-element_type=\"section\" data-settings=\"{&quot;_ha_eqh_enable&quot;:false}\">\n\t\t\t\t\t\t<div class=\"elementor-container elementor-column-gap-default\">\n\t\t\t\t\t<div class=\"elementor-column elementor-col-100 elementor-top-column elementor-element elementor-element-5cf0e73\" data-id=\"5cf0e73\" data-element_type=\"column\">\n\t\t\t<div class=\"elementor-widget-wrap elementor-element-populated\">\n\t\t\t\t\t\t\t\t<div class=\"elementor-element elementor-element-9b9a11d elementor-widget elementor-widget-text-editor\" data-id=\"9b9a11d\" data-element_type=\"widget\" data-widget_type=\"text-editor.default\">\n\t\t\t\t<div class=\"elementor-widget-container\">\n\t\t\t\t\t\t\t<p>Data from ACTRIS-CZ are available in the following databases:\u00a0<\/p>\t\t\t\t\t\t<\/div>\n\t\t\t\t<\/div>\n\t\t\t\t\t<\/div>\n\t\t<\/div>\n\t\t\t\t\t\t\t<\/div>\n\t\t<\/section>\n\t\t\t\t<section class=\"elementor-section elementor-top-section elementor-element elementor-element-70b7fae elementor-section-boxed elementor-section-height-default elementor-section-height-default\" data-id=\"70b7fae\" data-element_type=\"section\" data-settings=\"{&quot;_ha_eqh_enable&quot;:false}\">\n\t\t\t\t\t\t<div class=\"elementor-container elementor-column-gap-default\">\n\t\t\t\t\t<div class=\"elementor-column elementor-col-50 elementor-top-column elementor-element elementor-element-3547cbb\" data-id=\"3547cbb\" data-element_type=\"column\">\n\t\t\t<div class=\"elementor-widget-wrap elementor-element-populated\">\n\t\t\t\t\t\t\t\t<div class=\"elementor-element elementor-element-4fc1f3e elementor-position-left elementor-vertical-align-top elementor-widget elementor-widget-image-box\" data-id=\"4fc1f3e\" data-element_type=\"widget\" data-widget_type=\"image-box.default\">\n\t\t\t\t<div class=\"elementor-widget-container\">\n\t\t\t<style>\/*! elementor - v3.9.2 - 21-12-2022 *\/\n.elementor-widget-image-box .elementor-image-box-content{width:100%}@media (min-width:768px){.elementor-widget-image-box.elementor-position-left .elementor-image-box-wrapper,.elementor-widget-image-box.elementor-position-right .elementor-image-box-wrapper{display:flex}.elementor-widget-image-box.elementor-position-right .elementor-image-box-wrapper{text-align:right;flex-direction:row-reverse}.elementor-widget-image-box.elementor-position-left .elementor-image-box-wrapper{text-align:left;flex-direction:row}.elementor-widget-image-box.elementor-position-top .elementor-image-box-img{margin:auto}.elementor-widget-image-box.elementor-vertical-align-top .elementor-image-box-wrapper{align-items:flex-start}.elementor-widget-image-box.elementor-vertical-align-middle .elementor-image-box-wrapper{align-items:center}.elementor-widget-image-box.elementor-vertical-align-bottom .elementor-image-box-wrapper{align-items:flex-end}}@media (max-width:767px){.elementor-widget-image-box .elementor-image-box-img{margin-left:auto!important;margin-right:auto!important;margin-bottom:15px}}.elementor-widget-image-box .elementor-image-box-img{display:inline-block}.elementor-widget-image-box .elementor-image-box-title a{color:inherit}.elementor-widget-image-box .elementor-image-box-wrapper{text-align:center}.elementor-widget-image-box .elementor-image-box-description{margin:0}<\/style><div class=\"elementor-image-box-wrapper\"><figure class=\"elementor-image-box-img\"><a href=\"https:\/\/www.genasis.cz\/\" target=\"_blank\"><img loading=\"lazy\" decoding=\"async\" width=\"176\" height=\"155\" src=\"https:\/\/actris.cz\/web\/wp-content\/uploads\/2022\/12\/logo.png\" class=\"attachment-full size-full wp-image-114\" alt=\"\" srcset=\"https:\/\/actris.cz\/web\/wp-content\/uploads\/2022\/12\/logo.png 176w, https:\/\/actris.cz\/web\/wp-content\/uploads\/2022\/12\/logo-14x12.png 14w\" sizes=\"auto, (max-width: 176px) 100vw, 176px\" \/><\/a><\/figure><div class=\"elementor-image-box-content\"><h3 class=\"elementor-image-box-title\"><a href=\"https:\/\/www.genasis.cz\/\" target=\"_blank\">Genasis<\/a><\/h3><p class=\"elementor-image-box-description\">GENASIS (Global ENvironmental ASsessment Information System), Glob\u00e1ln\u00ed informa\u010dn\u00ed syst\u00e9m pro hodnocen\u00ed \u017eivotn\u00edho prost\u0159ed\u00ed, poskytuje p\u0159ehledn\u00e9 informace o kontaminaci \u017eivotn\u00edho prost\u0159ed\u00ed chemick\u00fdmi l\u00e1tkami, zejm\u00e9na perzistentn\u00edmi organick\u00fdmi polutanty (POPs).<\/p><\/div><\/div>\t\t<\/div>\n\t\t\t\t<\/div>\n\t\t\t\t\t<\/div>\n\t\t<\/div>\n\t\t\t\t<div class=\"elementor-column elementor-col-50 elementor-top-column elementor-element elementor-element-de976db\" data-id=\"de976db\" data-element_type=\"column\">\n\t\t\t<div class=\"elementor-widget-wrap elementor-element-populated\">\n\t\t\t\t\t\t\t\t<div class=\"elementor-element elementor-element-6108910 elementor-position-left elementor-vertical-align-top elementor-widget elementor-widget-image-box\" data-id=\"6108910\" data-element_type=\"widget\" data-widget_type=\"image-box.default\">\n\t\t\t\t<div class=\"elementor-widget-container\">\n\t\t\t<div class=\"elementor-image-box-wrapper\"><figure class=\"elementor-image-box-img\"><a href=\"https:\/\/ebas-data.nilu.no\/\" target=\"_blank\"><img loading=\"lazy\" decoding=\"async\" width=\"672\" height=\"630\" src=\"https:\/\/actris.cz\/web\/wp-content\/uploads\/2022\/12\/nilu-1200x630-1-e1671444467345.jpg\" class=\"attachment-full size-full wp-image-116\" alt=\"\" srcset=\"https:\/\/actris.cz\/web\/wp-content\/uploads\/2022\/12\/nilu-1200x630-1-e1671444467345.jpg 672w, https:\/\/actris.cz\/web\/wp-content\/uploads\/2022\/12\/nilu-1200x630-1-e1671444467345-300x281.jpg 300w, https:\/\/actris.cz\/web\/wp-content\/uploads\/2022\/12\/nilu-1200x630-1-e1671444467345-13x12.jpg 13w\" sizes=\"auto, (max-width: 672px) 100vw, 672px\" \/><\/a><\/figure><div class=\"elementor-image-box-content\"><h3 class=\"elementor-image-box-title\"><a href=\"https:\/\/ebas-data.nilu.no\/\" target=\"_blank\">EBAS<\/a><\/h3><p class=\"elementor-image-box-description\">EBAS is a database with atmospheric measurement data.\nEBAS objective is to handle, store and disseminate atmospheric composition data generated by international and national frameworks like long-term monitoring programmes and research projects f.e. EMEP, ACTRIS a GAW.\n\n<\/p><\/div><\/div>\t\t<\/div>\n\t\t\t\t<\/div>\n\t\t\t\t\t<\/div>\n\t\t<\/div>\n\t\t\t\t\t\t\t<\/div>\n\t\t<\/section>\n\t\t\t\t<section class=\"elementor-section elementor-top-section elementor-element elementor-element-3559742 elementor-section-boxed elementor-section-height-default elementor-section-height-default\" data-id=\"3559742\" data-element_type=\"section\" data-settings=\"{&quot;_ha_eqh_enable&quot;:false}\">\n\t\t\t\t\t\t<div class=\"elementor-container elementor-column-gap-default\">\n\t\t\t\t\t<div class=\"elementor-column elementor-col-100 elementor-top-column elementor-element elementor-element-eecfa35\" data-id=\"eecfa35\" data-element_type=\"column\">\n\t\t\t<div class=\"elementor-widget-wrap elementor-element-populated\">\n\t\t\t\t\t\t\t\t<div class=\"elementor-element elementor-element-19fd655 elementor-widget elementor-widget-text-editor\" data-id=\"19fd655\" data-element_type=\"widget\" data-widget_type=\"text-editor.default\">\n\t\t\t\t<div class=\"elementor-widget-container\">\n\t\t\t\t\t\t\t<p>Data are additionally transmitted to:<\/p><ul><li><a href=\"https:\/\/www.slu.se\/en\/Collaborative-Centres-and-Projects\/integrated-monitoring\/\" target=\"_blank\" rel=\"noopener\">IM database<\/a> (programme ICP-IM)<\/li><li><a href=\"http:\/\/portal.chmi.cz\/files\/portal\/docs\/uoco\/isko\/tab_roc\/tab_roc_CZ.html\" target=\"_blank\" rel=\"noopener\">ISKO<\/a> (CHMI Air quality Information system),<\/li><li><a href=\"https:\/\/gaw.kishou.go.jp\/\" target=\"_blank\" rel=\"noopener\">WDCGG<\/a>\u00a0(World Data Centre for Greenhouse Gases)<\/li><\/ul>\t\t\t\t\t\t<\/div>\n\t\t\t\t<\/div>\n\t\t\t\t\t<\/div>\n\t\t<\/div>\n\t\t\t\t\t\t\t<\/div>\n\t\t<\/section>\n\t\t\t\t\t\t\t<\/div>\n\t\t","protected":false},"excerpt":{"rendered":"<p>Data acquired by the infrastructure are regularly transmitted to several databases in the framework of cooperation within international projects and programmes. Accessibility of data is subject to the rules of specific data centres. Data from ACTRIS-CZ are available in the following databases:\u00a0 Genasis GENASIS (Global ENvironmental ASsessment Information System), Glob\u00e1ln\u00ed informa\u010dn\u00ed syst\u00e9m pro hodnocen\u00ed \u017eivotn\u00edho [&hellip;]<\/p>\n","protected":false},"author":3,"featured_media":0,"parent":0,"menu_order":0,"comment_status":"closed","ping_status":"closed","template":"","meta":{"footnotes":""},"class_list":["post-963","page","type-page","status-publish","hentry","entry"],"_links":{"self":[{"href":"https:\/\/actris.cz\/web\/wp-json\/wp\/v2\/pages\/963","targetHints":{"allow":["GET"]}}],"collection":[{"href":"https:\/\/actris.cz\/web\/wp-json\/wp\/v2\/pages"}],"about":[{"href":"https:\/\/actris.cz\/web\/wp-json\/wp\/v2\/types\/page"}],"author":[{"embeddable":true,"href":"https:\/\/actris.cz\/web\/wp-json\/wp\/v2\/users\/3"}],"replies":[{"embeddable":true,"href":"https:\/\/actris.cz\/web\/wp-json\/wp\/v2\/comments?post=963"}],"version-history":[{"count":16,"href":"https:\/\/actris.cz\/web\/wp-json\/wp\/v2\/pages\/963\/revisions"}],"predecessor-version":[{"id":981,"href":"https:\/\/actris.cz\/web\/wp-json\/wp\/v2\/pages\/963\/revisions\/981"}],"wp:attachment":[{"href":"https:\/\/actris.cz\/web\/wp-json\/wp\/v2\/media?parent=963"}],"curies":[{"name":"wp","href":"https:\/\/api.w.org\/{rel}","templated":true}]}}